{"id":2680,"date":"2023-09-05T20:01:13","date_gmt":"2023-09-05T18:01:13","guid":{"rendered":"https:\/\/groupe-capvert.com\/?page_id=20"},"modified":"2024-10-16T11:05:53","modified_gmt":"2024-10-16T09:05:53","slug":"histoire-du-groupe","status":"publish","type":"page","link":"https:\/\/groupe-capvert.com\/it\/histoire-du-groupe\/","title":{"rendered":"Histoire du groupe"},"content":{"rendered":"\t\t<div data-elementor-type=\"wp-page\" data-elementor-id=\"2680\" class=\"elementor elementor-2680\" data-elementor-post-type=\"page\">\n\t\t\t\t<div class=\"elementor-element elementor-element-bae80c7 e-flex e-con-boxed e-con e-parent\" data-id=\"bae80c7\" data-element_type=\"container\">\n\t\t\t\t\t<div class=\"e-con-inner\">\n\t\t\t\t<div class=\"elementor-element elementor-element-cb9c236 elementor-widget elementor-widget-heading\" data-id=\"cb9c236\" data-element_type=\"widget\" data-widget_type=\"heading.default\">\n\t\t\t\t<div class=\"elementor-widget-container\">\n\t\t\t\t\t<h2 class=\"elementor-heading-title elementor-size-default\">Ajoutez votre titre ici<\/h2>\t\t\t\t<\/div>\n\t\t\t\t<\/div>\n\t\t\t\t<div class=\"elementor-element elementor-element-2b1cc84 elementor-widget elementor-widget-text-editor\" data-id=\"2b1cc84\" data-element_type=\"widget\" data-widget_type=\"text-editor.default\">\n\t\t\t\t<div class=\"elementor-widget-container\">\n\t\t\t\t\t\t\t\t\t<p>Lorem ipsum dolor sit amet, consectetur adipiscing elit. Ut elit tellus, luctus nec ullamcorper mattis, pulvinar dapibus leo.<\/p>\t\t\t\t\t\t\t\t<\/div>\n\t\t\t\t<\/div>\n\t\t\t\t\t<\/div>\n\t\t\t\t<\/div>\n\t\t\t\t<\/div>\n\t\t","protected":false},"excerpt":{"rendered":"<p>Ajoutez votre titre ici Lorem ipsum dolor sit amet, consectetur adipiscing elit. Ut elit tellus, luctus nec ullamcorper mattis, pulvinar dapibus leo.<\/p>\n","protected":false},"author":1,"featured_media":0,"parent":0,"menu_order":1,"comment_status":"closed","ping_status":"closed","template":"","meta":{"_acf_changed":false,"footnotes":""},"class_list":["post-2680","page","type-page","status-publish","hentry"],"acf":[],"yoast_head":"<!-- This site is optimized with the Yoast SEO plugin v26.8 - https:\/\/yoast.com\/product\/yoast-seo-wordpress\/ -->\n<title>Histoire du groupe<\/title>\n<meta name=\"description\" content=\"L&#039;histoire de Cap Vert d\u00e9bute avec la cr\u00e9ation en 1984 de la soci\u00e9t\u00e9 SMDA (Soins Modernes des Arbres), cr\u00e9\u00e9e par Alain CAPILLON.\" \/>\n<meta name=\"robots\" content=\"index, follow, max-snippet:-1, max-image-preview:large, max-video-preview:-1\" \/>\n<link rel=\"canonical\" href=\"http:\/\/Ajoutez%20votre%20titre%20ici%20Lorem%20ipsum%20dolor%20sit%20amet,%20consectetur%20adipiscing%20elit.%20Ut%20elit%20tellus,%20luctus%20nec%20ullamcorper%20mattis,%20pulvinar%20dapibus%20leo.\" \/>\n<meta property=\"og:locale\" content=\"it_IT\" \/>\n<meta property=\"og:type\" content=\"article\" \/>\n<meta property=\"og:title\" content=\"Histoire du groupe\" \/>\n<meta property=\"og:description\" content=\"L&#039;histoire de Cap Vert d\u00e9bute avec la cr\u00e9ation en 1984 de la soci\u00e9t\u00e9 SMDA (Soins Modernes des Arbres), cr\u00e9\u00e9e par Alain CAPILLON.\" \/>\n<meta property=\"og:url\" content=\"https:\/\/groupe-capvert.com\/it\/histoire-du-groupe\/\" \/>\n<meta property=\"og:site_name\" content=\"Groupe Cap Vert\" \/>\n<meta property=\"article:modified_time\" content=\"2024-10-16T09:05:53+00:00\" \/>\n<meta property=\"og:image\" content=\"https:\/\/groupe-capvert.com\/wp-content\/uploads\/2023\/10\/logo.png\" \/>\n\t<meta property=\"og:image:width\" content=\"763\" \/>\n\t<meta property=\"og:image:height\" content=\"354\" \/>\n\t<meta property=\"og:image:type\" content=\"image\/png\" \/>\n<meta name=\"twitter:card\" content=\"summary_large_image\" \/>\n<meta name=\"twitter:label1\" content=\"Tempo di lettura stimato\" \/>\n\t<meta name=\"twitter:data1\" content=\"1 minuto\" \/>\n<script type=\"application\/ld+json\" class=\"yoast-schema-graph\">{\"@context\":\"https:\/\/schema.org\",\"@graph\":[{\"@type\":\"WebPage\",\"@id\":\"https:\/\/groupe-capvert.com\/it\/histoire-du-groupe\/\",\"url\":\"https:\/\/groupe-capvert.com\/it\/histoire-du-groupe\/\",\"name\":\"Histoire du groupe - Groupe Cap Vert\",\"isPartOf\":{\"@id\":\"https:\/\/groupe-capvert.com\/#website\"},\"datePublished\":\"2023-09-05T18:01:13+00:00\",\"dateModified\":\"2024-10-16T09:05:53+00:00\",\"description\":\"L'histoire de Cap Vert d\u00e9bute avec la cr\u00e9ation en 1984 de la soci\u00e9t\u00e9 SMDA (Soins Modernes des Arbres), cr\u00e9\u00e9e par Alain CAPILLON.\",\"breadcrumb\":{\"@id\":\"https:\/\/groupe-capvert.com\/it\/histoire-du-groupe\/#breadcrumb\"},\"inLanguage\":\"it-IT\",\"potentialAction\":[{\"@type\":\"ReadAction\",\"target\":[\"https:\/\/groupe-capvert.com\/it\/histoire-du-groupe\/\"]}]},{\"@type\":\"BreadcrumbList\",\"@id\":\"https:\/\/groupe-capvert.com\/it\/histoire-du-groupe\/#breadcrumb\",\"itemListElement\":[{\"@type\":\"ListItem\",\"position\":1,\"name\":\"Accueil\",\"item\":\"https:\/\/groupe-capvert.com\/\"},{\"@type\":\"ListItem\",\"position\":2,\"name\":\"Histoire du groupe\"}]},{\"@type\":\"WebSite\",\"@id\":\"https:\/\/groupe-capvert.com\/it\/#website\",\"url\":\"https:\/\/groupe-capvert.com\/it\/\",\"name\":\"Groupe Cap Vert\",\"description\":\"\",\"publisher\":{\"@id\":\"https:\/\/groupe-capvert.com\/it\/#organization\"},\"potentialAction\":[{\"@type\":\"SearchAction\",\"target\":{\"@type\":\"EntryPoint\",\"urlTemplate\":\"https:\/\/groupe-capvert.com\/it\/?s={search_term_string}\"},\"query-input\":{\"@type\":\"PropertyValueSpecification\",\"valueRequired\":true,\"valueName\":\"search_term_string\"}}],\"inLanguage\":\"it-IT\"},{\"@type\":\"Organization\",\"@id\":\"https:\/\/groupe-capvert.com\/it\/#organization\",\"name\":\"Groupe Cap Vert\",\"url\":\"https:\/\/groupe-capvert.com\/it\/\",\"logo\":{\"@type\":\"ImageObject\",\"inLanguage\":\"it-IT\",\"@id\":\"https:\/\/groupe-capvert.com\/it\/#\/schema\/logo\/image\/\",\"url\":\"https:\/\/groupe-capvert.com\/wp-content\/uploads\/2023\/10\/logo.png\",\"contentUrl\":\"https:\/\/groupe-capvert.com\/wp-content\/uploads\/2023\/10\/logo.png\",\"width\":763,\"height\":354,\"caption\":\"Groupe Cap Vert\"},\"image\":{\"@id\":\"https:\/\/groupe-capvert.com\/it\/#\/schema\/logo\/image\/\"},\"sameAs\":[\"https:\/\/www.linkedin.com\/company\/groupe-capvert\"]}]}<\/script>\n<!-- \/ Yoast SEO plugin. -->","yoast_head_json":{"title":"Histoire du groupe","description":"L'histoire de Cap Vert d\u00e9bute avec la cr\u00e9ation en 1984 de la soci\u00e9t\u00e9 SMDA (Soins Modernes des Arbres), cr\u00e9\u00e9e par Alain CAPILLON.","robots":{"index":"index","follow":"follow","max-snippet":"max-snippet:-1","max-image-preview":"max-image-preview:large","max-video-preview":"max-video-preview:-1"},"canonical":"Ajoutez votre titre ici Lorem ipsum dolor sit amet, consectetur adipiscing elit. Ut elit tellus, luctus nec ullamcorper mattis, pulvinar dapibus leo.","og_locale":"it_IT","og_type":"article","og_title":"Histoire du groupe","og_description":"L'histoire de Cap Vert d\u00e9bute avec la cr\u00e9ation en 1984 de la soci\u00e9t\u00e9 SMDA (Soins Modernes des Arbres), cr\u00e9\u00e9e par Alain CAPILLON.","og_url":"https:\/\/groupe-capvert.com\/it\/histoire-du-groupe\/","og_site_name":"Groupe Cap Vert","article_modified_time":"2024-10-16T09:05:53+00:00","og_image":[{"width":763,"height":354,"url":"https:\/\/groupe-capvert.com\/wp-content\/uploads\/2023\/10\/logo.png","type":"image\/png"}],"twitter_card":"summary_large_image","twitter_misc":{"Tempo di lettura stimato":"1 minuto"},"schema":{"@context":"https:\/\/schema.org","@graph":[{"@type":"WebPage","@id":"https:\/\/groupe-capvert.com\/it\/histoire-du-groupe\/","url":"https:\/\/groupe-capvert.com\/it\/histoire-du-groupe\/","name":"Histoire du groupe - Groupe Cap Vert","isPartOf":{"@id":"https:\/\/groupe-capvert.com\/#website"},"datePublished":"2023-09-05T18:01:13+00:00","dateModified":"2024-10-16T09:05:53+00:00","description":"L'histoire de Cap Vert d\u00e9bute avec la cr\u00e9ation en 1984 de la soci\u00e9t\u00e9 SMDA (Soins Modernes des Arbres), cr\u00e9\u00e9e par Alain CAPILLON.","breadcrumb":{"@id":"https:\/\/groupe-capvert.com\/it\/histoire-du-groupe\/#breadcrumb"},"inLanguage":"it-IT","potentialAction":[{"@type":"ReadAction","target":["https:\/\/groupe-capvert.com\/it\/histoire-du-groupe\/"]}]},{"@type":"BreadcrumbList","@id":"https:\/\/groupe-capvert.com\/it\/histoire-du-groupe\/#breadcrumb","itemListElement":[{"@type":"ListItem","position":1,"name":"Accueil","item":"https:\/\/groupe-capvert.com\/"},{"@type":"ListItem","position":2,"name":"Histoire du groupe"}]},{"@type":"WebSite","@id":"https:\/\/groupe-capvert.com\/it\/#website","url":"https:\/\/groupe-capvert.com\/it\/","name":"Groupe Cap Vert","description":"","publisher":{"@id":"https:\/\/groupe-capvert.com\/it\/#organization"},"potentialAction":[{"@type":"SearchAction","target":{"@type":"EntryPoint","urlTemplate":"https:\/\/groupe-capvert.com\/it\/?s={search_term_string}"},"query-input":{"@type":"PropertyValueSpecification","valueRequired":true,"valueName":"search_term_string"}}],"inLanguage":"it-IT"},{"@type":"Organization","@id":"https:\/\/groupe-capvert.com\/it\/#organization","name":"Groupe Cap Vert","url":"https:\/\/groupe-capvert.com\/it\/","logo":{"@type":"ImageObject","inLanguage":"it-IT","@id":"https:\/\/groupe-capvert.com\/it\/#\/schema\/logo\/image\/","url":"https:\/\/groupe-capvert.com\/wp-content\/uploads\/2023\/10\/logo.png","contentUrl":"https:\/\/groupe-capvert.com\/wp-content\/uploads\/2023\/10\/logo.png","width":763,"height":354,"caption":"Groupe Cap Vert"},"image":{"@id":"https:\/\/groupe-capvert.com\/it\/#\/schema\/logo\/image\/"},"sameAs":["https:\/\/www.linkedin.com\/company\/groupe-capvert"]}]}},"_links":{"self":[{"href":"https:\/\/groupe-capvert.com\/it\/wp-json\/wp\/v2\/pages\/2680","targetHints":{"allow":["GET"]}}],"collection":[{"href":"https:\/\/groupe-capvert.com\/it\/wp-json\/wp\/v2\/pages"}],"about":[{"href":"https:\/\/groupe-capvert.com\/it\/wp-json\/wp\/v2\/types\/page"}],"author":[{"embeddable":true,"href":"https:\/\/groupe-capvert.com\/it\/wp-json\/wp\/v2\/users\/1"}],"replies":[{"embeddable":true,"href":"https:\/\/groupe-capvert.com\/it\/wp-json\/wp\/v2\/comments?post=2680"}],"version-history":[{"count":1,"href":"https:\/\/groupe-capvert.com\/it\/wp-json\/wp\/v2\/pages\/2680\/revisions"}],"predecessor-version":[{"id":5225,"href":"https:\/\/groupe-capvert.com\/it\/wp-json\/wp\/v2\/pages\/2680\/revisions\/5225"}],"wp:attachment":[{"href":"https:\/\/groupe-capvert.com\/it\/wp-json\/wp\/v2\/media?parent=2680"}],"curies":[{"name":"wp","href":"https:\/\/api.w.org\/{rel}","templated":true}]}}