{"id":2674,"date":"2023-09-05T19:49:28","date_gmt":"2023-09-05T17:49:28","guid":{"rendered":"https:\/\/groupe-capvert.com\/?page_id=2"},"modified":"2025-10-05T17:03:38","modified_gmt":"2025-10-05T15:03:38","slug":"accueil","status":"publish","type":"page","link":"https:\/\/groupe-capvert.com\/it\/","title":{"rendered":"Accueil"},"content":{"rendered":"\t\t<div data-elementor-type=\"wp-page\" data-elementor-id=\"2674\" class=\"elementor elementor-2674\" data-elementor-post-type=\"page\">\n\t\t\t\t<header class=\"elementor-element elementor-element-8d4d58b e-con-full e-flex e-con e-parent\" data-id=\"8d4d58b\" data-element_type=\"container\" id=\"home-hero\" data-settings=\"{&quot;background_background&quot;:&quot;classic&quot;}\">\n\t\t<div class=\"elementor-element elementor-element-5879a42 e-con-full e-flex e-con e-child\" data-id=\"5879a42\" data-element_type=\"container\" data-settings=\"{&quot;background_background&quot;:&quot;classic&quot;}\">\n\t\t\t\t<div class=\"elementor-element elementor-element-5fbfe31 elementor--h-position-left elementor-hidden-desktop elementor-hidden-tablet elementor-hidden-mobile elementor--v-position-middle elementor-arrows-position-inside elementor-pagination-position-inside elementor-widget elementor-widget-slides\" data-id=\"5fbfe31\" data-element_type=\"widget\" data-settings=\"{&quot;navigation&quot;:&quot;both&quot;,&quot;autoplay&quot;:&quot;yes&quot;,&quot;pause_on_hover&quot;:&quot;yes&quot;,&quot;pause_on_interaction&quot;:&quot;yes&quot;,&quot;autoplay_speed&quot;:5000,&quot;infinite&quot;:&quot;yes&quot;,&quot;transition&quot;:&quot;slide&quot;,&quot;transition_speed&quot;:500}\" data-widget_type=\"slides.default\">\n\t\t\t\t<div class=\"elementor-widget-container\">\n\t\t\t\t\t\t\t\t\t<div class=\"elementor-swiper\">\r\n\t\t\t\t\t<div class=\"elementor-slides-wrapper elementor-main-swiper swiper\" role=\"region\" aria-roledescription=\"carousel\" aria-label=\"Slides\" dir=\"ltr\" data-animation=\"fadeInUp\">\r\n\t\t\t\t<div class=\"swiper-wrapper elementor-slides\">\r\n\t\t\t\t\t\t\t\t\t\t<div class=\"elementor-repeater-item-df213a6 swiper-slide\" role=\"group\" aria-roledescription=\"slide\"><div class=\"swiper-slide-bg elementor-ken-burns elementor-ken-burns--in\" role=\"img\"><\/div><div class=\"swiper-slide-inner\" ><div class=\"swiper-slide-contents\"><div class=\"elementor-slide-heading\">Un projet commun au service de l'environnement<\/div><div class=\"elementor-slide-description\">Un groupe \u00e0 l'esprit conf\u00e9d\u00e9ral.<\/div><div  class=\"elementor-button elementor-slide-button elementor-size-sm\">Savoir +<\/div><\/div><\/div><\/div>\t\t\t\t<\/div>\r\n\t\t\t\t\t\t\t<\/div>\r\n\t\t\t\t<\/div>\r\n\t\t\t\t\t\t\t\t<\/div>\n\t\t\t\t<\/div>\n\t\t\t\t<div class=\"elementor-element elementor-element-03d3f37 elementor-widget elementor-widget-video\" data-id=\"03d3f37\" data-element_type=\"widget\" data-settings=\"{&quot;video_type&quot;:&quot;hosted&quot;,&quot;autoplay&quot;:&quot;yes&quot;,&quot;loop&quot;:&quot;yes&quot;}\" data-widget_type=\"video.default\">\n\t\t\t\t<div class=\"elementor-widget-container\">\n\t\t\t\t\t\t\t<div class=\"e-hosted-video elementor-wrapper elementor-open-inline\">\n\t\t\t\t\t<video class=\"elementor-video\" src=\"https\/\/groupe-capvert.com\/test2\/wp-content\/uploads\/2023\/09\/home.mp4\" autoplay=\"\" loop=\"\" controlsList=\"nodownload\"><\/video>\n\t\t\t\t<\/div>\n\t\t\t\t\t\t<\/div>\n\t\t\t\t<\/div>\n\t\t\t\t<\/div>\n\t\t\t\t<\/header>\n\t\t<section class=\"elementor-element elementor-element-84f51b0 e-con-full e-flex e-con e-parent\" data-id=\"84f51b0\" data-element_type=\"container\" id=\"home-societe\" data-settings=\"{&quot;background_background&quot;:&quot;classic&quot;}\">\n\t\t<article class=\"elementor-element elementor-element-330cf9b e-con-full e-flex e-con e-child\" data-id=\"330cf9b\" data-element_type=\"container\" data-settings=\"{&quot;background_background&quot;:&quot;classic&quot;}\">\n\t\t\t\t<div class=\"elementor-element elementor-element-edc120b elementor-widget elementor-widget-heading\" data-id=\"edc120b\" data-element_type=\"widget\" data-widget_type=\"heading.default\">\n\t\t\t\t<div class=\"elementor-widget-container\">\n\t\t\t\t\t<h2 class=\"elementor-heading-title elementor-size-default\">Nous rejoindre<\/h2>\t\t\t\t<\/div>\n\t\t\t\t<\/div>\n\t\t\t\t<div class=\"elementor-element elementor-element-4e9df92 elementor-widget elementor-widget-text-editor\" data-id=\"4e9df92\" data-element_type=\"widget\" data-widget_type=\"text-editor.default\">\n\t\t\t\t<div class=\"elementor-widget-container\">\n\t\t\t\t\t\t\t\t\t<p>Lorem ipsum dolor sit amet, consectetur adipiscing elit. Ut elit tellus, luctus nec ullamcorper mattis, pulvinar dapibus leo.\u00a0<\/p><p><span style=\"text-align: var(--text-align); font-family: var(--wp--preset--font-family--acumin-pro);\">Lorem ipsum dolor sit amet, consectetur adipiscing elit. Ut elit tellus, luctus nec ullamcorper mattis, pulvinar dapibus leo.\u00a0<\/span><span style=\"text-align: var(--text-align); font-family: var(--wp--preset--font-family--acumin-pro);\">Lorem ipsum dolor sit amet, consectetur adipiscing elit.\u00a0<\/span><\/p><p><span style=\"text-align: var(--text-align); font-family: var(--wp--preset--font-family--acumin-pro);\">Ut elit tellus, luctus nec ullamcorper mattis, pulvinar dapibus leo.\u00a0<\/span><span style=\"text-align: var(--text-align); font-family: var(--wp--preset--font-family--acumin-pro);\">Lorem ipsum dolor sit amet, consectetur adipiscing elit. Ut elit tellus, luctus nec ullamcorper mattis, pulvinar dapibus leo.<\/span><\/p>\t\t\t\t\t\t\t\t<\/div>\n\t\t\t\t<\/div>\n\t\t\t\t<div class=\"elementor-element elementor-element-4311abc elementor-widget elementor-widget-button\" data-id=\"4311abc\" data-element_type=\"widget\" data-widget_type=\"button.default\">\n\t\t\t\t<div class=\"elementor-widget-container\">\n\t\t\t\t\t\t\t\t\t<div class=\"elementor-button-wrapper\">\n\t\t\t\t\t<a class=\"elementor-button elementor-button-link elementor-size-sm\" href=\"http:\/\/https\/\/groupe-capvert.com\/test2\/recrutement\/\">\n\t\t\t\t\t\t<span class=\"elementor-button-content-wrapper\">\n\t\t\t\t\t\t\t\t\t<span class=\"elementor-button-text\">D\u00e9couvrir nos offres<\/span>\n\t\t\t\t\t<\/span>\n\t\t\t\t\t<\/a>\n\t\t\t\t<\/div>\n\t\t\t\t\t\t\t\t<\/div>\n\t\t\t\t<\/div>\n\t\t\t\t<\/article>\n\t\t<article class=\"elementor-element elementor-element-3884806 e-con-full e-flex e-con e-child\" data-id=\"3884806\" data-element_type=\"container\">\n\t\t\t\t<div class=\"elementor-element elementor-element-54ad2a5 color-primary elementor-widget elementor-widget-heading\" data-id=\"54ad2a5\" data-element_type=\"widget\" data-widget_type=\"heading.default\">\n\t\t\t\t<div class=\"elementor-widget-container\">\n\t\t\t\t\t<h2 class=\"elementor-heading-title elementor-size-default\">Les soci\u00e9t\u00e9s<\/h2>\t\t\t\t<\/div>\n\t\t\t\t<\/div>\n\t\t\t\t<div class=\"elementor-element elementor-element-55d69c7 elementor-widget elementor-widget-text-editor\" data-id=\"55d69c7\" data-element_type=\"widget\" data-widget_type=\"text-editor.default\">\n\t\t\t\t<div class=\"elementor-widget-container\">\n\t\t\t\t\t\t\t\t\tDes entreprises ind\u00e9pendantes sp\u00e9cialistes\u200b\t\t\t\t\t\t\t\t<\/div>\n\t\t\t\t<\/div>\n\t\t\t\t<div class=\"elementor-element elementor-element-1bd2383 elementor-widget elementor-widget-heading\" data-id=\"1bd2383\" data-element_type=\"widget\" data-widget_type=\"heading.default\">\n\t\t\t\t<div class=\"elementor-widget-container\">\n\t\t\t\t\t<h3 class=\"elementor-heading-title elementor-size-default\">P\u00f4le Arbre<\/h3>\t\t\t\t<\/div>\n\t\t\t\t<\/div>\n\t\t\t\t<div class=\"elementor-element elementor-element-545f5a3 elementor-widget elementor-widget-heading\" data-id=\"545f5a3\" data-element_type=\"widget\" data-widget_type=\"heading.default\">\n\t\t\t\t<div class=\"elementor-widget-container\">\n\t\t\t\t\t<h3 class=\"elementor-heading-title elementor-size-default\">P\u00f4le Paysage<\/h3>\t\t\t\t<\/div>\n\t\t\t\t<\/div>\n\t\t\t\t<div class=\"elementor-element elementor-element-acb2cdc elementor-widget elementor-widget-heading\" data-id=\"acb2cdc\" data-element_type=\"widget\" data-widget_type=\"heading.default\">\n\t\t\t\t<div class=\"elementor-widget-container\">\n\t\t\t\t\t<h3 class=\"elementor-heading-title elementor-size-default\">P\u00f4le Arrosage et Fontainerie<\/h3>\t\t\t\t<\/div>\n\t\t\t\t<\/div>\n\t\t\t\t<\/article>\n\t\t\t\t<\/section>\n\t\t<div class=\"elementor-element elementor-element-a2e5751 e-con-full e-flex e-con e-parent\" data-id=\"a2e5751\" data-element_type=\"container\" id=\"home-news\" data-settings=\"{&quot;background_background&quot;:&quot;classic&quot;}\">\n\t\t<div class=\"elementor-element elementor-element-88cef56 e-flex e-con-boxed e-con e-child\" data-id=\"88cef56\" data-element_type=\"container\">\n\t\t\t\t\t<div class=\"e-con-inner\">\n\t\t\t\t<div class=\"elementor-element elementor-element-16df090 elementor-widget elementor-widget-heading\" data-id=\"16df090\" data-element_type=\"widget\" data-widget_type=\"heading.default\">\n\t\t\t\t<div class=\"elementor-widget-container\">\n\t\t\t\t\t<h2 class=\"elementor-heading-title elementor-size-default\">Actualit\u00e9s<\/h2>\t\t\t\t<\/div>\n\t\t\t\t<\/div>\n\t\t\t\t<div class=\"elementor-element elementor-element-8688ff5 elementor-grid-3 elementor-grid-tablet-2 elementor-grid-mobile-1 elementor-widget elementor-widget-loop-grid\" data-id=\"8688ff5\" data-element_type=\"widget\" data-settings=\"{&quot;template_id&quot;:86,&quot;masonry&quot;:&quot;yes&quot;,&quot;_skin&quot;:&quot;post&quot;,&quot;columns&quot;:&quot;3&quot;,&quot;columns_tablet&quot;:&quot;2&quot;,&quot;columns_mobile&quot;:&quot;1&quot;,&quot;edit_handle_selector&quot;:&quot;[data-elementor-type=\\&quot;loop-item\\&quot;]&quot;,&quot;row_gap&quot;:{&quot;unit&quot;:&quot;px&quot;,&quot;size&quot;:&quot;&quot;,&quot;sizes&quot;:[]},&quot;row_gap_tablet&quot;:{&quot;unit&quot;:&quot;px&quot;,&quot;size&quot;:&quot;&quot;,&quot;sizes&quot;:[]},&quot;row_gap_mobile&quot;:{&quot;unit&quot;:&quot;px&quot;,&quot;size&quot;:&quot;&quot;,&quot;sizes&quot;:[]}}\" data-widget_type=\"loop-grid.post\">\n\t\t\t\t<div class=\"elementor-widget-container\">\n\t\t\t\t\t\t\t<div class=\"e-loop-nothing-found-message\">\r\n\t\t<\/div>\r\n\t\t\t\t\t\t<\/div>\n\t\t\t\t<\/div>\n\t\t\t\t\t<\/div>\n\t\t\t\t<\/div>\n\t\t\t\t<\/div>\n\t\t\t\t<\/div>\n\t\t","protected":false},"excerpt":{"rendered":"<p>Un projet commun au service de l&#8217;environnementUn groupe \u00e0 l&#8217;esprit conf\u00e9d\u00e9ral.Savoir + https:\/\/groupe-capvert.com\/wp-content\/uploads\/2024\/06\/Video-Site-Cap-vert.mp4 Nous rejoindre Lorem ipsum dolor sit amet, consectetur adipiscing elit. Ut elit tellus, luctus nec ullamcorper mattis, pulvinar dapibus leo. Lorem ipsum dolor sit amet, consectetur adipiscing elit. Ut elit tellus, luctus nec ullamcorper mattis, pulvinar dapibus leo.\u00a0Lorem ipsum dolor sit amet, [&hellip;]<\/p>\n","protected":false},"author":1,"featured_media":0,"parent":0,"menu_order":0,"comment_status":"closed","ping_status":"closed","template":"","meta":{"_acf_changed":false,"footnotes":""},"class_list":["post-2674","page","type-page","status-publish","hentry"],"acf":[],"yoast_head":"<!-- This site is optimized with the Yoast SEO plugin v26.8 - https:\/\/yoast.com\/product\/yoast-seo-wordpress\/ -->\n<title>Accueil<\/title>\n<meta name=\"description\" content=\"Le Groupe Cap Vert est sp\u00e9cialis\u00e9 dans 4 domaines distincts : le soin des arbres, l&#039;am\u00e9nagement du paysage, l&#039;arrosage et la fontainerie et l&#039;entretien de la v\u00e9g\u00e9tation aux abords des infrastructures.\" \/>\n<meta name=\"robots\" content=\"index, follow, max-snippet:-1, max-image-preview:large, max-video-preview:-1\" \/>\n<link rel=\"canonical\" href=\"\" \/>\n<meta property=\"og:locale\" content=\"it_IT\" \/>\n<meta property=\"og:type\" content=\"article\" \/>\n<meta property=\"og:title\" content=\"Accueil\" \/>\n<meta property=\"og:description\" content=\"Le Groupe Cap Vert est sp\u00e9cialis\u00e9 dans 4 domaines distincts : le soin des arbres, l&#039;am\u00e9nagement du paysage, l&#039;arrosage et la fontainerie et l&#039;entretien de la v\u00e9g\u00e9tation aux abords des infrastructures.\" \/>\n<meta property=\"og:url\" content=\"https:\/\/groupe-capvert.com\/it\/\" \/>\n<meta property=\"og:site_name\" content=\"Groupe Cap Vert\" \/>\n<meta property=\"article:modified_time\" content=\"2025-10-05T15:03:38+00:00\" \/>\n<meta property=\"og:image\" content=\"https:\/\/groupe-capvert.com\/wp-content\/uploads\/2023\/10\/logo.png\" \/>\n\t<meta property=\"og:image:width\" content=\"763\" \/>\n\t<meta property=\"og:image:height\" content=\"354\" \/>\n\t<meta property=\"og:image:type\" content=\"image\/png\" \/>\n<meta name=\"twitter:card\" content=\"summary_large_image\" \/>\n<meta name=\"twitter:label1\" content=\"Tempo di lettura stimato\" \/>\n\t<meta name=\"twitter:data1\" content=\"1 minuto\" \/>\n<script type=\"application\/ld+json\" class=\"yoast-schema-graph\">{\"@context\":\"https:\/\/schema.org\",\"@graph\":[{\"@type\":\"WebPage\",\"@id\":\"https:\/\/groupe-capvert.com\/it\/\",\"url\":\"https:\/\/groupe-capvert.com\/it\/\",\"name\":\"Accueil - Groupe Cap Vert\",\"isPartOf\":{\"@id\":\"https:\/\/groupe-capvert.com\/#website\"},\"datePublished\":\"2023-09-05T17:49:28+00:00\",\"dateModified\":\"2025-10-05T15:03:38+00:00\",\"description\":\"Le Groupe Cap Vert est sp\u00e9cialis\u00e9 dans 4 domaines distincts : le soin des arbres, l'am\u00e9nagement du paysage, l'arrosage et la fontainerie et l'entretien de la v\u00e9g\u00e9tation aux abords des infrastructures.\",\"breadcrumb\":{\"@id\":\"https:\/\/groupe-capvert.com\/it\/#breadcrumb\"},\"inLanguage\":\"it-IT\",\"potentialAction\":[{\"@type\":\"ReadAction\",\"target\":[\"https:\/\/groupe-capvert.com\/it\/\"]}]},{\"@type\":\"BreadcrumbList\",\"@id\":\"https:\/\/groupe-capvert.com\/it\/#breadcrumb\",\"itemListElement\":[{\"@type\":\"ListItem\",\"position\":1,\"name\":\"Accueil\",\"item\":\"https:\/\/groupe-capvert.com\/\"},{\"@type\":\"ListItem\",\"position\":2,\"name\":\"Accueil\"}]},{\"@type\":\"WebSite\",\"@id\":\"https:\/\/groupe-capvert.com\/it\/#website\",\"url\":\"https:\/\/groupe-capvert.com\/it\/\",\"name\":\"Groupe Cap Vert\",\"description\":\"\",\"publisher\":{\"@id\":\"https:\/\/groupe-capvert.com\/it\/#organization\"},\"potentialAction\":[{\"@type\":\"SearchAction\",\"target\":{\"@type\":\"EntryPoint\",\"urlTemplate\":\"https:\/\/groupe-capvert.com\/it\/?s={search_term_string}\"},\"query-input\":{\"@type\":\"PropertyValueSpecification\",\"valueRequired\":true,\"valueName\":\"search_term_string\"}}],\"inLanguage\":\"it-IT\"},{\"@type\":\"Organization\",\"@id\":\"https:\/\/groupe-capvert.com\/it\/#organization\",\"name\":\"Groupe Cap Vert\",\"url\":\"https:\/\/groupe-capvert.com\/it\/\",\"logo\":{\"@type\":\"ImageObject\",\"inLanguage\":\"it-IT\",\"@id\":\"https:\/\/groupe-capvert.com\/it\/#\/schema\/logo\/image\/\",\"url\":\"https:\/\/groupe-capvert.com\/wp-content\/uploads\/2023\/10\/logo.png\",\"contentUrl\":\"https:\/\/groupe-capvert.com\/wp-content\/uploads\/2023\/10\/logo.png\",\"width\":763,\"height\":354,\"caption\":\"Groupe Cap Vert\"},\"image\":{\"@id\":\"https:\/\/groupe-capvert.com\/it\/#\/schema\/logo\/image\/\"},\"sameAs\":[\"https:\/\/www.linkedin.com\/company\/groupe-capvert\"]}]}<\/script>\n<!-- \/ Yoast SEO plugin. -->","yoast_head_json":{"title":"Accueil","description":"Le Groupe Cap Vert est sp\u00e9cialis\u00e9 dans 4 domaines distincts : le soin des arbres, l'am\u00e9nagement du paysage, l'arrosage et la fontainerie et l'entretien de la v\u00e9g\u00e9tation aux abords des infrastructures.","robots":{"index":"index","follow":"follow","max-snippet":"max-snippet:-1","max-image-preview":"max-image-preview:large","max-video-preview":"max-video-preview:-1"},"canonical":"Un projet commun au service de l'environnementUn groupe \u00e0 l'esprit conf\u00e9d\u00e9ral.Savoir   https:\/\/groupe-capvert.com\/wp-content\/uploads\/2024\/06\/Video-Site-Cap-vert.mp4 Nous rejoindre Lorem ipsum dolor sit amet, consectetur adipiscing elit. Ut elit tellus, luctus nec ullamcorper mattis, pulvinar dapibus leo. Lorem ipsum dolor sit amet, consectetur adipiscing elit. Ut elit tellus, luctus nec ullamcorper mattis, pulvinar dapibus leo.\u00a0Lorem ipsum dolor sit amet,&hellip;","og_locale":"it_IT","og_type":"article","og_title":"Accueil","og_description":"Le Groupe Cap Vert est sp\u00e9cialis\u00e9 dans 4 domaines distincts : le soin des arbres, l'am\u00e9nagement du paysage, l'arrosage et la fontainerie et l'entretien de la v\u00e9g\u00e9tation aux abords des infrastructures.","og_url":"https:\/\/groupe-capvert.com\/it\/","og_site_name":"Groupe Cap Vert","article_modified_time":"2025-10-05T15:03:38+00:00","og_image":[{"width":763,"height":354,"url":"https:\/\/groupe-capvert.com\/wp-content\/uploads\/2023\/10\/logo.png","type":"image\/png"}],"twitter_card":"summary_large_image","twitter_misc":{"Tempo di lettura stimato":"1 minuto"},"schema":{"@context":"https:\/\/schema.org","@graph":[{"@type":"WebPage","@id":"https:\/\/groupe-capvert.com\/it\/","url":"https:\/\/groupe-capvert.com\/it\/","name":"Accueil - Groupe Cap Vert","isPartOf":{"@id":"https:\/\/groupe-capvert.com\/#website"},"datePublished":"2023-09-05T17:49:28+00:00","dateModified":"2025-10-05T15:03:38+00:00","description":"Le Groupe Cap Vert est sp\u00e9cialis\u00e9 dans 4 domaines distincts : le soin des arbres, l'am\u00e9nagement du paysage, l'arrosage et la fontainerie et l'entretien de la v\u00e9g\u00e9tation aux abords des infrastructures.","breadcrumb":{"@id":"https:\/\/groupe-capvert.com\/it\/#breadcrumb"},"inLanguage":"it-IT","potentialAction":[{"@type":"ReadAction","target":["https:\/\/groupe-capvert.com\/it\/"]}]},{"@type":"BreadcrumbList","@id":"https:\/\/groupe-capvert.com\/it\/#breadcrumb","itemListElement":[{"@type":"ListItem","position":1,"name":"Accueil","item":"https:\/\/groupe-capvert.com\/"},{"@type":"ListItem","position":2,"name":"Accueil"}]},{"@type":"WebSite","@id":"https:\/\/groupe-capvert.com\/it\/#website","url":"https:\/\/groupe-capvert.com\/it\/","name":"Groupe Cap Vert","description":"","publisher":{"@id":"https:\/\/groupe-capvert.com\/it\/#organization"},"potentialAction":[{"@type":"SearchAction","target":{"@type":"EntryPoint","urlTemplate":"https:\/\/groupe-capvert.com\/it\/?s={search_term_string}"},"query-input":{"@type":"PropertyValueSpecification","valueRequired":true,"valueName":"search_term_string"}}],"inLanguage":"it-IT"},{"@type":"Organization","@id":"https:\/\/groupe-capvert.com\/it\/#organization","name":"Groupe Cap Vert","url":"https:\/\/groupe-capvert.com\/it\/","logo":{"@type":"ImageObject","inLanguage":"it-IT","@id":"https:\/\/groupe-capvert.com\/it\/#\/schema\/logo\/image\/","url":"https:\/\/groupe-capvert.com\/wp-content\/uploads\/2023\/10\/logo.png","contentUrl":"https:\/\/groupe-capvert.com\/wp-content\/uploads\/2023\/10\/logo.png","width":763,"height":354,"caption":"Groupe Cap Vert"},"image":{"@id":"https:\/\/groupe-capvert.com\/it\/#\/schema\/logo\/image\/"},"sameAs":["https:\/\/www.linkedin.com\/company\/groupe-capvert"]}]}},"_links":{"self":[{"href":"https:\/\/groupe-capvert.com\/it\/wp-json\/wp\/v2\/pages\/2674","targetHints":{"allow":["GET"]}}],"collection":[{"href":"https:\/\/groupe-capvert.com\/it\/wp-json\/wp\/v2\/pages"}],"about":[{"href":"https:\/\/groupe-capvert.com\/it\/wp-json\/wp\/v2\/types\/page"}],"author":[{"embeddable":true,"href":"https:\/\/groupe-capvert.com\/it\/wp-json\/wp\/v2\/users\/1"}],"replies":[{"embeddable":true,"href":"https:\/\/groupe-capvert.com\/it\/wp-json\/wp\/v2\/comments?post=2674"}],"version-history":[{"count":6,"href":"https:\/\/groupe-capvert.com\/it\/wp-json\/wp\/v2\/pages\/2674\/revisions"}],"predecessor-version":[{"id":8151,"href":"https:\/\/groupe-capvert.com\/it\/wp-json\/wp\/v2\/pages\/2674\/revisions\/8151"}],"wp:attachment":[{"href":"https:\/\/groupe-capvert.com\/it\/wp-json\/wp\/v2\/media?parent=2674"}],"curies":[{"name":"wp","href":"https:\/\/api.w.org\/{rel}","templated":true}]}}