{"id":2681,"date":"2023-09-05T20:01:58","date_gmt":"2023-09-05T18:01:58","guid":{"rendered":"https:\/\/groupe-capvert.com\/?page_id=22"},"modified":"2025-10-03T14:20:52","modified_gmt":"2025-10-03T12:20:52","slug":"identite","status":"publish","type":"page","link":"https:\/\/groupe-capvert.com\/es\/identite\/","title":{"rendered":"Qui sommes-nous ?"},"content":{"rendered":"","protected":false},"excerpt":{"rendered":"","protected":false},"author":1,"featured_media":0,"parent":0,"menu_order":2,"comment_status":"closed","ping_status":"closed","template":"","meta":{"_acf_changed":false,"footnotes":""},"class_list":["post-2681","page","type-page","status-publish","hentry"],"acf":[],"yoast_head":"<!-- This site is optimized with the Yoast SEO plugin v26.8 - https:\/\/yoast.com\/product\/yoast-seo-wordpress\/ -->\n<title>Qui sommes-nous ?<\/title>\n<meta name=\"description\" content=\"Pour garantir la sp\u00e9cialisation et l\u2019expertise de nos entreprises, le groupe Cap Vert a cr\u00e9\u00e9 des p\u00f4les sp\u00e9cialis\u00e9s. Cela nous permet de concentrer nos comp\u00e9tences et de vous garantir notre expertise, notre professionnalisme et notre sp\u00e9cialisation dans quatre domaines distincts : le p\u00f4le Arbre, le p\u00f4le Paysage, le p\u00f4le Eau et le p\u00f4le Infrastructures.\" \/>\n<meta name=\"robots\" content=\"index, follow, max-snippet:-1, max-image-preview:large, max-video-preview:-1\" \/>\n<meta property=\"og:locale\" content=\"es_ES\" \/>\n<meta property=\"og:type\" content=\"article\" \/>\n<meta property=\"og:title\" content=\"Qui sommes-nous ?\" \/>\n<meta property=\"og:description\" content=\"Pour garantir la sp\u00e9cialisation et l\u2019expertise de nos entreprises, le groupe Cap Vert a cr\u00e9\u00e9 des p\u00f4les sp\u00e9cialis\u00e9s. Cela nous permet de concentrer nos comp\u00e9tences et de vous garantir notre expertise, notre professionnalisme et notre sp\u00e9cialisation dans quatre domaines distincts : le p\u00f4le Arbre, le p\u00f4le Paysage, le p\u00f4le Eau et le p\u00f4le Infrastructures.\" \/>\n<meta property=\"og:url\" content=\"https:\/\/groupe-capvert.com\/es\/identite\/\" \/>\n<meta property=\"og:site_name\" content=\"Groupe Cap Vert\" \/>\n<meta property=\"article:modified_time\" content=\"2025-10-03T12:20:52+00:00\" \/>\n<meta property=\"og:image\" content=\"https:\/\/groupe-capvert.com\/wp-content\/uploads\/2023\/10\/logo.png\" \/>\n\t<meta property=\"og:image:width\" content=\"763\" \/>\n\t<meta property=\"og:image:height\" content=\"354\" \/>\n\t<meta property=\"og:image:type\" content=\"image\/png\" \/>\n<meta name=\"twitter:card\" content=\"summary_large_image\" \/>\n<script type=\"application\/ld+json\" class=\"yoast-schema-graph\">{\"@context\":\"https:\/\/schema.org\",\"@graph\":[{\"@type\":\"WebPage\",\"@id\":\"https:\/\/groupe-capvert.com\/es\/identite\/\",\"url\":\"https:\/\/groupe-capvert.com\/es\/identite\/\",\"name\":\"Qui sommes-nous ? - Groupe Cap Vert\",\"isPartOf\":{\"@id\":\"https:\/\/groupe-capvert.com\/#website\"},\"datePublished\":\"2023-09-05T18:01:58+00:00\",\"dateModified\":\"2025-10-03T12:20:52+00:00\",\"description\":\"Pour garantir la sp\u00e9cialisation et l\u2019expertise de nos entreprises, le groupe Cap Vert a cr\u00e9\u00e9 des p\u00f4les sp\u00e9cialis\u00e9s. Cela nous permet de concentrer nos comp\u00e9tences et de vous garantir notre expertise, notre professionnalisme et notre sp\u00e9cialisation dans quatre domaines distincts : le p\u00f4le Arbre, le p\u00f4le Paysage, le p\u00f4le Eau et le p\u00f4le Infrastructures.\",\"breadcrumb\":{\"@id\":\"https:\/\/groupe-capvert.com\/es\/identite\/#breadcrumb\"},\"inLanguage\":\"es\",\"potentialAction\":[{\"@type\":\"ReadAction\",\"target\":[\"https:\/\/groupe-capvert.com\/es\/identite\/\"]}]},{\"@type\":\"BreadcrumbList\",\"@id\":\"https:\/\/groupe-capvert.com\/es\/identite\/#breadcrumb\",\"itemListElement\":[{\"@type\":\"ListItem\",\"position\":1,\"name\":\"Accueil\",\"item\":\"https:\/\/groupe-capvert.com\/\"},{\"@type\":\"ListItem\",\"position\":2,\"name\":\"Qui sommes-nous ?\"}]},{\"@type\":\"WebSite\",\"@id\":\"https:\/\/groupe-capvert.com\/es\/#website\",\"url\":\"https:\/\/groupe-capvert.com\/es\/\",\"name\":\"Groupe Cap Vert\",\"description\":\"\",\"publisher\":{\"@id\":\"https:\/\/groupe-capvert.com\/es\/#organization\"},\"potentialAction\":[{\"@type\":\"SearchAction\",\"target\":{\"@type\":\"EntryPoint\",\"urlTemplate\":\"https:\/\/groupe-capvert.com\/es\/?s={search_term_string}\"},\"query-input\":{\"@type\":\"PropertyValueSpecification\",\"valueRequired\":true,\"valueName\":\"search_term_string\"}}],\"inLanguage\":\"es\"},{\"@type\":\"Organization\",\"@id\":\"https:\/\/groupe-capvert.com\/es\/#organization\",\"name\":\"Groupe Cap Vert\",\"url\":\"https:\/\/groupe-capvert.com\/es\/\",\"logo\":{\"@type\":\"ImageObject\",\"inLanguage\":\"es\",\"@id\":\"https:\/\/groupe-capvert.com\/es\/#\/schema\/logo\/image\/\",\"url\":\"https:\/\/groupe-capvert.com\/wp-content\/uploads\/2023\/10\/logo.png\",\"contentUrl\":\"https:\/\/groupe-capvert.com\/wp-content\/uploads\/2023\/10\/logo.png\",\"width\":763,\"height\":354,\"caption\":\"Groupe Cap Vert\"},\"image\":{\"@id\":\"https:\/\/groupe-capvert.com\/es\/#\/schema\/logo\/image\/\"},\"sameAs\":[\"https:\/\/www.linkedin.com\/company\/groupe-capvert\"]}]}<\/script>\n<!-- \/ Yoast SEO plugin. -->","yoast_head_json":{"title":"Qui sommes-nous ?","description":"Pour garantir la sp\u00e9cialisation et l\u2019expertise de nos entreprises, le groupe Cap Vert a cr\u00e9\u00e9 des p\u00f4les sp\u00e9cialis\u00e9s. Cela nous permet de concentrer nos comp\u00e9tences et de vous garantir notre expertise, notre professionnalisme et notre sp\u00e9cialisation dans quatre domaines distincts : le p\u00f4le Arbre, le p\u00f4le Paysage, le p\u00f4le Eau et le p\u00f4le Infrastructures.","robots":{"index":"index","follow":"follow","max-snippet":"max-snippet:-1","max-image-preview":"max-image-preview:large","max-video-preview":"max-video-preview:-1"},"og_locale":"es_ES","og_type":"article","og_title":"Qui sommes-nous ?","og_description":"Pour garantir la sp\u00e9cialisation et l\u2019expertise de nos entreprises, le groupe Cap Vert a cr\u00e9\u00e9 des p\u00f4les sp\u00e9cialis\u00e9s. Cela nous permet de concentrer nos comp\u00e9tences et de vous garantir notre expertise, notre professionnalisme et notre sp\u00e9cialisation dans quatre domaines distincts : le p\u00f4le Arbre, le p\u00f4le Paysage, le p\u00f4le Eau et le p\u00f4le Infrastructures.","og_url":"https:\/\/groupe-capvert.com\/es\/identite\/","og_site_name":"Groupe Cap Vert","article_modified_time":"2025-10-03T12:20:52+00:00","og_image":[{"width":763,"height":354,"url":"https:\/\/groupe-capvert.com\/wp-content\/uploads\/2023\/10\/logo.png","type":"image\/png"}],"twitter_card":"summary_large_image","schema":{"@context":"https:\/\/schema.org","@graph":[{"@type":"WebPage","@id":"https:\/\/groupe-capvert.com\/es\/identite\/","url":"https:\/\/groupe-capvert.com\/es\/identite\/","name":"Qui sommes-nous ? - Groupe Cap Vert","isPartOf":{"@id":"https:\/\/groupe-capvert.com\/#website"},"datePublished":"2023-09-05T18:01:58+00:00","dateModified":"2025-10-03T12:20:52+00:00","description":"Pour garantir la sp\u00e9cialisation et l\u2019expertise de nos entreprises, le groupe Cap Vert a cr\u00e9\u00e9 des p\u00f4les sp\u00e9cialis\u00e9s. Cela nous permet de concentrer nos comp\u00e9tences et de vous garantir notre expertise, notre professionnalisme et notre sp\u00e9cialisation dans quatre domaines distincts : le p\u00f4le Arbre, le p\u00f4le Paysage, le p\u00f4le Eau et le p\u00f4le Infrastructures.","breadcrumb":{"@id":"https:\/\/groupe-capvert.com\/es\/identite\/#breadcrumb"},"inLanguage":"es","potentialAction":[{"@type":"ReadAction","target":["https:\/\/groupe-capvert.com\/es\/identite\/"]}]},{"@type":"BreadcrumbList","@id":"https:\/\/groupe-capvert.com\/es\/identite\/#breadcrumb","itemListElement":[{"@type":"ListItem","position":1,"name":"Accueil","item":"https:\/\/groupe-capvert.com\/"},{"@type":"ListItem","position":2,"name":"Qui sommes-nous ?"}]},{"@type":"WebSite","@id":"https:\/\/groupe-capvert.com\/es\/#website","url":"https:\/\/groupe-capvert.com\/es\/","name":"Groupe Cap Vert","description":"","publisher":{"@id":"https:\/\/groupe-capvert.com\/es\/#organization"},"potentialAction":[{"@type":"SearchAction","target":{"@type":"EntryPoint","urlTemplate":"https:\/\/groupe-capvert.com\/es\/?s={search_term_string}"},"query-input":{"@type":"PropertyValueSpecification","valueRequired":true,"valueName":"search_term_string"}}],"inLanguage":"es"},{"@type":"Organization","@id":"https:\/\/groupe-capvert.com\/es\/#organization","name":"Groupe Cap Vert","url":"https:\/\/groupe-capvert.com\/es\/","logo":{"@type":"ImageObject","inLanguage":"es","@id":"https:\/\/groupe-capvert.com\/es\/#\/schema\/logo\/image\/","url":"https:\/\/groupe-capvert.com\/wp-content\/uploads\/2023\/10\/logo.png","contentUrl":"https:\/\/groupe-capvert.com\/wp-content\/uploads\/2023\/10\/logo.png","width":763,"height":354,"caption":"Groupe Cap Vert"},"image":{"@id":"https:\/\/groupe-capvert.com\/es\/#\/schema\/logo\/image\/"},"sameAs":["https:\/\/www.linkedin.com\/company\/groupe-capvert"]}]}},"_links":{"self":[{"href":"https:\/\/groupe-capvert.com\/es\/wp-json\/wp\/v2\/pages\/2681","targetHints":{"allow":["GET"]}}],"collection":[{"href":"https:\/\/groupe-capvert.com\/es\/wp-json\/wp\/v2\/pages"}],"about":[{"href":"https:\/\/groupe-capvert.com\/es\/wp-json\/wp\/v2\/types\/page"}],"author":[{"embeddable":true,"href":"https:\/\/groupe-capvert.com\/es\/wp-json\/wp\/v2\/users\/1"}],"replies":[{"embeddable":true,"href":"https:\/\/groupe-capvert.com\/es\/wp-json\/wp\/v2\/comments?post=2681"}],"version-history":[{"count":2,"href":"https:\/\/groupe-capvert.com\/es\/wp-json\/wp\/v2\/pages\/2681\/revisions"}],"predecessor-version":[{"id":6145,"href":"https:\/\/groupe-capvert.com\/es\/wp-json\/wp\/v2\/pages\/2681\/revisions\/6145"}],"wp:attachment":[{"href":"https:\/\/groupe-capvert.com\/es\/wp-json\/wp\/v2\/media?parent=2681"}],"curies":[{"name":"wp","href":"https:\/\/api.w.org\/{rel}","templated":true}]}}