{"id":175,"date":"2023-10-17T12:24:13","date_gmt":"2023-10-17T10:24:13","guid":{"rendered":"http:\/\/facebook@charlieprod.com"},"modified":"2025-04-10T12:15:43","modified_gmt":"2025-04-10T10:15:43","slug":"donnees-personnelles","status":"publish","type":"page","link":"https:\/\/groupe-capvert.com\/es\/donnees-personnelles\/","title":{"rendered":"Donn\u00e9es personnelles"},"content":{"rendered":"","protected":false},"excerpt":{"rendered":"","protected":false},"author":1,"featured_media":0,"parent":0,"menu_order":102,"comment_status":"closed","ping_status":"closed","template":"","meta":{"_acf_changed":false,"footnotes":""},"class_list":["post-175","page","type-page","status-publish","hentry"],"acf":[],"yoast_head":"<!-- This site is optimized with the Yoast SEO plugin v26.8 - https:\/\/yoast.com\/product\/yoast-seo-wordpress\/ -->\n<title>Donn\u00e9es personnelles<\/title>\n<meta name=\"description\" content=\"D\u00e9couvrez comment la soci\u00e9t\u00e9 Cap Vert prot\u00e8ge vos donn\u00e9es personnelles. Politique de confidentialit\u00e9 d\u00e9taill\u00e9e, utilisation des cookies et droits RGPD (acc\u00e8s, rectification, suppression).\" \/>\n<meta name=\"robots\" content=\"index, follow, max-snippet:-1, max-image-preview:large, max-video-preview:-1\" \/>\n<meta property=\"og:locale\" content=\"es_ES\" \/>\n<meta property=\"og:type\" content=\"article\" \/>\n<meta property=\"og:title\" content=\"Donn\u00e9es personnelles\" \/>\n<meta property=\"og:description\" content=\"D\u00e9couvrez comment la soci\u00e9t\u00e9 Cap Vert prot\u00e8ge vos donn\u00e9es personnelles. Politique de confidentialit\u00e9 d\u00e9taill\u00e9e, utilisation des cookies et droits RGPD (acc\u00e8s, rectification, suppression).\" \/>\n<meta property=\"og:url\" content=\"https:\/\/groupe-capvert.com\/es\/donnees-personnelles\/\" \/>\n<meta property=\"og:site_name\" content=\"Groupe Cap Vert\" \/>\n<meta property=\"article:modified_time\" content=\"2025-04-10T10:15:43+00:00\" \/>\n<meta property=\"og:image\" content=\"https:\/\/groupe-capvert.com\/wp-content\/uploads\/2023\/10\/logo.png\" \/>\n\t<meta property=\"og:image:width\" content=\"763\" \/>\n\t<meta property=\"og:image:height\" content=\"354\" \/>\n\t<meta property=\"og:image:type\" content=\"image\/png\" \/>\n<meta name=\"twitter:card\" content=\"summary_large_image\" \/>\n<script type=\"application\/ld+json\" class=\"yoast-schema-graph\">{\"@context\":\"https:\/\/schema.org\",\"@graph\":[{\"@type\":\"WebPage\",\"@id\":\"https:\/\/groupe-capvert.com\/es\/donnees-personnelles\/\",\"url\":\"https:\/\/groupe-capvert.com\/es\/donnees-personnelles\/\",\"name\":\"Donn\u00e9es personnelles - Groupe Cap Vert\",\"isPartOf\":{\"@id\":\"https:\/\/groupe-capvert.com\/#website\"},\"datePublished\":\"2023-10-17T10:24:13+00:00\",\"dateModified\":\"2025-04-10T10:15:43+00:00\",\"description\":\"D\u00e9couvrez comment la soci\u00e9t\u00e9 Cap Vert prot\u00e8ge vos donn\u00e9es personnelles. Politique de confidentialit\u00e9 d\u00e9taill\u00e9e, utilisation des cookies et droits RGPD (acc\u00e8s, rectification, suppression).\",\"breadcrumb\":{\"@id\":\"https:\/\/groupe-capvert.com\/es\/donnees-personnelles\/#breadcrumb\"},\"inLanguage\":\"es\",\"potentialAction\":[{\"@type\":\"ReadAction\",\"target\":[\"https:\/\/groupe-capvert.com\/es\/donnees-personnelles\/\"]}]},{\"@type\":\"BreadcrumbList\",\"@id\":\"https:\/\/groupe-capvert.com\/es\/donnees-personnelles\/#breadcrumb\",\"itemListElement\":[{\"@type\":\"ListItem\",\"position\":1,\"name\":\"Accueil\",\"item\":\"https:\/\/groupe-capvert.com\/\"},{\"@type\":\"ListItem\",\"position\":2,\"name\":\"Donn\u00e9es personnelles\"}]},{\"@type\":\"WebSite\",\"@id\":\"https:\/\/groupe-capvert.com\/es\/#website\",\"url\":\"https:\/\/groupe-capvert.com\/es\/\",\"name\":\"Groupe Cap Vert\",\"description\":\"\",\"publisher\":{\"@id\":\"https:\/\/groupe-capvert.com\/es\/#organization\"},\"potentialAction\":[{\"@type\":\"SearchAction\",\"target\":{\"@type\":\"EntryPoint\",\"urlTemplate\":\"https:\/\/groupe-capvert.com\/es\/?s={search_term_string}\"},\"query-input\":{\"@type\":\"PropertyValueSpecification\",\"valueRequired\":true,\"valueName\":\"search_term_string\"}}],\"inLanguage\":\"es\"},{\"@type\":\"Organization\",\"@id\":\"https:\/\/groupe-capvert.com\/es\/#organization\",\"name\":\"Groupe Cap Vert\",\"url\":\"https:\/\/groupe-capvert.com\/es\/\",\"logo\":{\"@type\":\"ImageObject\",\"inLanguage\":\"es\",\"@id\":\"https:\/\/groupe-capvert.com\/es\/#\/schema\/logo\/image\/\",\"url\":\"https:\/\/groupe-capvert.com\/wp-content\/uploads\/2023\/10\/logo.png\",\"contentUrl\":\"https:\/\/groupe-capvert.com\/wp-content\/uploads\/2023\/10\/logo.png\",\"width\":763,\"height\":354,\"caption\":\"Groupe Cap Vert\"},\"image\":{\"@id\":\"https:\/\/groupe-capvert.com\/es\/#\/schema\/logo\/image\/\"},\"sameAs\":[\"https:\/\/www.linkedin.com\/company\/groupe-capvert\"]}]}<\/script>\n<!-- \/ Yoast SEO plugin. -->","yoast_head_json":{"title":"Donn\u00e9es personnelles","description":"D\u00e9couvrez comment la soci\u00e9t\u00e9 Cap Vert prot\u00e8ge vos donn\u00e9es personnelles. Politique de confidentialit\u00e9 d\u00e9taill\u00e9e, utilisation des cookies et droits RGPD (acc\u00e8s, rectification, suppression).","robots":{"index":"index","follow":"follow","max-snippet":"max-snippet:-1","max-image-preview":"max-image-preview:large","max-video-preview":"max-video-preview:-1"},"og_locale":"es_ES","og_type":"article","og_title":"Donn\u00e9es personnelles","og_description":"D\u00e9couvrez comment la soci\u00e9t\u00e9 Cap Vert prot\u00e8ge vos donn\u00e9es personnelles. Politique de confidentialit\u00e9 d\u00e9taill\u00e9e, utilisation des cookies et droits RGPD (acc\u00e8s, rectification, suppression).","og_url":"https:\/\/groupe-capvert.com\/es\/donnees-personnelles\/","og_site_name":"Groupe Cap Vert","article_modified_time":"2025-04-10T10:15:43+00:00","og_image":[{"width":763,"height":354,"url":"https:\/\/groupe-capvert.com\/wp-content\/uploads\/2023\/10\/logo.png","type":"image\/png"}],"twitter_card":"summary_large_image","schema":{"@context":"https:\/\/schema.org","@graph":[{"@type":"WebPage","@id":"https:\/\/groupe-capvert.com\/es\/donnees-personnelles\/","url":"https:\/\/groupe-capvert.com\/es\/donnees-personnelles\/","name":"Donn\u00e9es personnelles - Groupe Cap Vert","isPartOf":{"@id":"https:\/\/groupe-capvert.com\/#website"},"datePublished":"2023-10-17T10:24:13+00:00","dateModified":"2025-04-10T10:15:43+00:00","description":"D\u00e9couvrez comment la soci\u00e9t\u00e9 Cap Vert prot\u00e8ge vos donn\u00e9es personnelles. Politique de confidentialit\u00e9 d\u00e9taill\u00e9e, utilisation des cookies et droits RGPD (acc\u00e8s, rectification, suppression).","breadcrumb":{"@id":"https:\/\/groupe-capvert.com\/es\/donnees-personnelles\/#breadcrumb"},"inLanguage":"es","potentialAction":[{"@type":"ReadAction","target":["https:\/\/groupe-capvert.com\/es\/donnees-personnelles\/"]}]},{"@type":"BreadcrumbList","@id":"https:\/\/groupe-capvert.com\/es\/donnees-personnelles\/#breadcrumb","itemListElement":[{"@type":"ListItem","position":1,"name":"Accueil","item":"https:\/\/groupe-capvert.com\/"},{"@type":"ListItem","position":2,"name":"Donn\u00e9es personnelles"}]},{"@type":"WebSite","@id":"https:\/\/groupe-capvert.com\/es\/#website","url":"https:\/\/groupe-capvert.com\/es\/","name":"Groupe Cap Vert","description":"","publisher":{"@id":"https:\/\/groupe-capvert.com\/es\/#organization"},"potentialAction":[{"@type":"SearchAction","target":{"@type":"EntryPoint","urlTemplate":"https:\/\/groupe-capvert.com\/es\/?s={search_term_string}"},"query-input":{"@type":"PropertyValueSpecification","valueRequired":true,"valueName":"search_term_string"}}],"inLanguage":"es"},{"@type":"Organization","@id":"https:\/\/groupe-capvert.com\/es\/#organization","name":"Groupe Cap Vert","url":"https:\/\/groupe-capvert.com\/es\/","logo":{"@type":"ImageObject","inLanguage":"es","@id":"https:\/\/groupe-capvert.com\/es\/#\/schema\/logo\/image\/","url":"https:\/\/groupe-capvert.com\/wp-content\/uploads\/2023\/10\/logo.png","contentUrl":"https:\/\/groupe-capvert.com\/wp-content\/uploads\/2023\/10\/logo.png","width":763,"height":354,"caption":"Groupe Cap Vert"},"image":{"@id":"https:\/\/groupe-capvert.com\/es\/#\/schema\/logo\/image\/"},"sameAs":["https:\/\/www.linkedin.com\/company\/groupe-capvert"]}]}},"_links":{"self":[{"href":"https:\/\/groupe-capvert.com\/es\/wp-json\/wp\/v2\/pages\/175","targetHints":{"allow":["GET"]}}],"collection":[{"href":"https:\/\/groupe-capvert.com\/es\/wp-json\/wp\/v2\/pages"}],"about":[{"href":"https:\/\/groupe-capvert.com\/es\/wp-json\/wp\/v2\/types\/page"}],"author":[{"embeddable":true,"href":"https:\/\/groupe-capvert.com\/es\/wp-json\/wp\/v2\/users\/1"}],"replies":[{"embeddable":true,"href":"https:\/\/groupe-capvert.com\/es\/wp-json\/wp\/v2\/comments?post=175"}],"version-history":[{"count":1,"href":"https:\/\/groupe-capvert.com\/es\/wp-json\/wp\/v2\/pages\/175\/revisions"}],"predecessor-version":[{"id":7878,"href":"https:\/\/groupe-capvert.com\/es\/wp-json\/wp\/v2\/pages\/175\/revisions\/7878"}],"wp:attachment":[{"href":"https:\/\/groupe-capvert.com\/es\/wp-json\/wp\/v2\/media?parent=175"}],"curies":[{"name":"wp","href":"https:\/\/api.w.org\/{rel}","templated":true}]}}