{"id":4366,"date":"2024-01-04T10:40:32","date_gmt":"2024-01-04T09:40:32","guid":{"rendered":"https:\/\/groupe-capvert.com\/?page_id=4366"},"modified":"2024-05-29T17:45:06","modified_gmt":"2024-05-29T15:45:06","slug":"environnement","status":"publish","type":"page","link":"https:\/\/groupe-capvert.com\/en\/environnement\/","title":{"rendered":"Responsables et engag\u00e9s"},"content":{"rendered":"","protected":false},"excerpt":{"rendered":"","protected":false},"author":1,"featured_media":0,"parent":0,"menu_order":2,"comment_status":"closed","ping_status":"closed","template":"","meta":{"_acf_changed":false,"footnotes":""},"class_list":["post-4366","page","type-page","status-publish","hentry"],"acf":[],"yoast_head":"<!-- This site is optimized with the Yoast SEO plugin v26.8 - https:\/\/yoast.com\/product\/yoast-seo-wordpress\/ -->\n<title>Responsables et engag\u00e9s<\/title>\n<meta name=\"description\" content=\"Nos m\u00e9tiers visent \u00e0 assurer la p\u00e9rennit\u00e9 de la faune et de la flore dans les environnements urbains, p\u00e9riurbains et naturels, pr\u00e9servant ainsi leur r\u00f4le essentiel dans les \u00e9cosyst\u00e8mes. Chaque entreprise du groupe Cap Vert s\u2019engage \u00e0 r\u00e9fl\u00e9chir \u00e0 l\u2019impact de ses activit\u00e9s sur la nature, en explorant des solutions et techniques plus \u00e9cologiques afin de r\u00e9duire l\u2019empreinte de nos chantiers.\" \/>\n<meta name=\"robots\" content=\"index, follow, max-snippet:-1, max-image-preview:large, max-video-preview:-1\" \/>\n<meta property=\"og:locale\" content=\"en_GB\" \/>\n<meta property=\"og:type\" content=\"article\" \/>\n<meta property=\"og:title\" content=\"Responsables et engag\u00e9s\" \/>\n<meta property=\"og:description\" content=\"Nos m\u00e9tiers visent \u00e0 assurer la p\u00e9rennit\u00e9 de la faune et de la flore dans les environnements urbains, p\u00e9riurbains et naturels, pr\u00e9servant ainsi leur r\u00f4le essentiel dans les \u00e9cosyst\u00e8mes. Chaque entreprise du groupe Cap Vert s\u2019engage \u00e0 r\u00e9fl\u00e9chir \u00e0 l\u2019impact de ses activit\u00e9s sur la nature, en explorant des solutions et techniques plus \u00e9cologiques afin de r\u00e9duire l\u2019empreinte de nos chantiers.\" \/>\n<meta property=\"og:url\" content=\"https:\/\/groupe-capvert.com\/en\/environnement\/\" \/>\n<meta property=\"og:site_name\" content=\"Groupe Cap Vert\" \/>\n<meta property=\"article:modified_time\" content=\"2024-05-29T15:45:06+00:00\" \/>\n<meta property=\"og:image\" content=\"https:\/\/groupe-capvert.com\/wp-content\/uploads\/2023\/10\/logo.png\" \/>\n\t<meta property=\"og:image:width\" content=\"763\" \/>\n\t<meta property=\"og:image:height\" content=\"354\" \/>\n\t<meta property=\"og:image:type\" content=\"image\/png\" \/>\n<meta name=\"twitter:card\" content=\"summary_large_image\" \/>\n<script type=\"application\/ld+json\" class=\"yoast-schema-graph\">{\"@context\":\"https:\/\/schema.org\",\"@graph\":[{\"@type\":\"WebPage\",\"@id\":\"https:\/\/groupe-capvert.com\/en\/environnement\/\",\"url\":\"https:\/\/groupe-capvert.com\/en\/environnement\/\",\"name\":\"Responsables et engag\u00e9s - Groupe Cap Vert\",\"isPartOf\":{\"@id\":\"https:\/\/groupe-capvert.com\/#website\"},\"datePublished\":\"2024-01-04T09:40:32+00:00\",\"dateModified\":\"2024-05-29T15:45:06+00:00\",\"description\":\"Nos m\u00e9tiers visent \u00e0 assurer la p\u00e9rennit\u00e9 de la faune et de la flore dans les environnements urbains, p\u00e9riurbains et naturels, pr\u00e9servant ainsi leur r\u00f4le essentiel dans les \u00e9cosyst\u00e8mes. Chaque entreprise du groupe Cap Vert s\u2019engage \u00e0 r\u00e9fl\u00e9chir \u00e0 l\u2019impact de ses activit\u00e9s sur la nature, en explorant des solutions et techniques plus \u00e9cologiques afin de r\u00e9duire l\u2019empreinte de nos chantiers.\",\"breadcrumb\":{\"@id\":\"https:\/\/groupe-capvert.com\/en\/environnement\/#breadcrumb\"},\"inLanguage\":\"en-GB\",\"potentialAction\":[{\"@type\":\"ReadAction\",\"target\":[\"https:\/\/groupe-capvert.com\/en\/environnement\/\"]}]},{\"@type\":\"BreadcrumbList\",\"@id\":\"https:\/\/groupe-capvert.com\/en\/environnement\/#breadcrumb\",\"itemListElement\":[{\"@type\":\"ListItem\",\"position\":1,\"name\":\"Accueil\",\"item\":\"https:\/\/groupe-capvert.com\/\"},{\"@type\":\"ListItem\",\"position\":2,\"name\":\"Responsables et engag\u00e9s\"}]},{\"@type\":\"WebSite\",\"@id\":\"https:\/\/groupe-capvert.com\/en\/#website\",\"url\":\"https:\/\/groupe-capvert.com\/en\/\",\"name\":\"Groupe Cap Vert\",\"description\":\"\",\"publisher\":{\"@id\":\"https:\/\/groupe-capvert.com\/en\/#organization\"},\"potentialAction\":[{\"@type\":\"SearchAction\",\"target\":{\"@type\":\"EntryPoint\",\"urlTemplate\":\"https:\/\/groupe-capvert.com\/en\/?s={search_term_string}\"},\"query-input\":{\"@type\":\"PropertyValueSpecification\",\"valueRequired\":true,\"valueName\":\"search_term_string\"}}],\"inLanguage\":\"en-GB\"},{\"@type\":\"Organization\",\"@id\":\"https:\/\/groupe-capvert.com\/en\/#organization\",\"name\":\"Groupe Cap Vert\",\"url\":\"https:\/\/groupe-capvert.com\/en\/\",\"logo\":{\"@type\":\"ImageObject\",\"inLanguage\":\"en-GB\",\"@id\":\"https:\/\/groupe-capvert.com\/en\/#\/schema\/logo\/image\/\",\"url\":\"https:\/\/groupe-capvert.com\/wp-content\/uploads\/2023\/10\/logo.png\",\"contentUrl\":\"https:\/\/groupe-capvert.com\/wp-content\/uploads\/2023\/10\/logo.png\",\"width\":763,\"height\":354,\"caption\":\"Groupe Cap Vert\"},\"image\":{\"@id\":\"https:\/\/groupe-capvert.com\/en\/#\/schema\/logo\/image\/\"},\"sameAs\":[\"https:\/\/www.linkedin.com\/company\/groupe-capvert\"]}]}<\/script>\n<!-- \/ Yoast SEO plugin. -->","yoast_head_json":{"title":"Responsables et engag\u00e9s","description":"Nos m\u00e9tiers visent \u00e0 assurer la p\u00e9rennit\u00e9 de la faune et de la flore dans les environnements urbains, p\u00e9riurbains et naturels, pr\u00e9servant ainsi leur r\u00f4le essentiel dans les \u00e9cosyst\u00e8mes. Chaque entreprise du groupe Cap Vert s\u2019engage \u00e0 r\u00e9fl\u00e9chir \u00e0 l\u2019impact de ses activit\u00e9s sur la nature, en explorant des solutions et techniques plus \u00e9cologiques afin de r\u00e9duire l\u2019empreinte de nos chantiers.","robots":{"index":"index","follow":"follow","max-snippet":"max-snippet:-1","max-image-preview":"max-image-preview:large","max-video-preview":"max-video-preview:-1"},"og_locale":"en_GB","og_type":"article","og_title":"Responsables et engag\u00e9s","og_description":"Nos m\u00e9tiers visent \u00e0 assurer la p\u00e9rennit\u00e9 de la faune et de la flore dans les environnements urbains, p\u00e9riurbains et naturels, pr\u00e9servant ainsi leur r\u00f4le essentiel dans les \u00e9cosyst\u00e8mes. Chaque entreprise du groupe Cap Vert s\u2019engage \u00e0 r\u00e9fl\u00e9chir \u00e0 l\u2019impact de ses activit\u00e9s sur la nature, en explorant des solutions et techniques plus \u00e9cologiques afin de r\u00e9duire l\u2019empreinte de nos chantiers.","og_url":"https:\/\/groupe-capvert.com\/en\/environnement\/","og_site_name":"Groupe Cap Vert","article_modified_time":"2024-05-29T15:45:06+00:00","og_image":[{"width":763,"height":354,"url":"https:\/\/groupe-capvert.com\/wp-content\/uploads\/2023\/10\/logo.png","type":"image\/png"}],"twitter_card":"summary_large_image","schema":{"@context":"https:\/\/schema.org","@graph":[{"@type":"WebPage","@id":"https:\/\/groupe-capvert.com\/en\/environnement\/","url":"https:\/\/groupe-capvert.com\/en\/environnement\/","name":"Responsables et engag\u00e9s - Groupe Cap Vert","isPartOf":{"@id":"https:\/\/groupe-capvert.com\/#website"},"datePublished":"2024-01-04T09:40:32+00:00","dateModified":"2024-05-29T15:45:06+00:00","description":"Nos m\u00e9tiers visent \u00e0 assurer la p\u00e9rennit\u00e9 de la faune et de la flore dans les environnements urbains, p\u00e9riurbains et naturels, pr\u00e9servant ainsi leur r\u00f4le essentiel dans les \u00e9cosyst\u00e8mes. Chaque entreprise du groupe Cap Vert s\u2019engage \u00e0 r\u00e9fl\u00e9chir \u00e0 l\u2019impact de ses activit\u00e9s sur la nature, en explorant des solutions et techniques plus \u00e9cologiques afin de r\u00e9duire l\u2019empreinte de nos chantiers.","breadcrumb":{"@id":"https:\/\/groupe-capvert.com\/en\/environnement\/#breadcrumb"},"inLanguage":"en-GB","potentialAction":[{"@type":"ReadAction","target":["https:\/\/groupe-capvert.com\/en\/environnement\/"]}]},{"@type":"BreadcrumbList","@id":"https:\/\/groupe-capvert.com\/en\/environnement\/#breadcrumb","itemListElement":[{"@type":"ListItem","position":1,"name":"Accueil","item":"https:\/\/groupe-capvert.com\/"},{"@type":"ListItem","position":2,"name":"Responsables et engag\u00e9s"}]},{"@type":"WebSite","@id":"https:\/\/groupe-capvert.com\/en\/#website","url":"https:\/\/groupe-capvert.com\/en\/","name":"Groupe Cap Vert","description":"","publisher":{"@id":"https:\/\/groupe-capvert.com\/en\/#organization"},"potentialAction":[{"@type":"SearchAction","target":{"@type":"EntryPoint","urlTemplate":"https:\/\/groupe-capvert.com\/en\/?s={search_term_string}"},"query-input":{"@type":"PropertyValueSpecification","valueRequired":true,"valueName":"search_term_string"}}],"inLanguage":"en-GB"},{"@type":"Organization","@id":"https:\/\/groupe-capvert.com\/en\/#organization","name":"Groupe Cap Vert","url":"https:\/\/groupe-capvert.com\/en\/","logo":{"@type":"ImageObject","inLanguage":"en-GB","@id":"https:\/\/groupe-capvert.com\/en\/#\/schema\/logo\/image\/","url":"https:\/\/groupe-capvert.com\/wp-content\/uploads\/2023\/10\/logo.png","contentUrl":"https:\/\/groupe-capvert.com\/wp-content\/uploads\/2023\/10\/logo.png","width":763,"height":354,"caption":"Groupe Cap Vert"},"image":{"@id":"https:\/\/groupe-capvert.com\/en\/#\/schema\/logo\/image\/"},"sameAs":["https:\/\/www.linkedin.com\/company\/groupe-capvert"]}]}},"_links":{"self":[{"href":"https:\/\/groupe-capvert.com\/en\/wp-json\/wp\/v2\/pages\/4366","targetHints":{"allow":["GET"]}}],"collection":[{"href":"https:\/\/groupe-capvert.com\/en\/wp-json\/wp\/v2\/pages"}],"about":[{"href":"https:\/\/groupe-capvert.com\/en\/wp-json\/wp\/v2\/types\/page"}],"author":[{"embeddable":true,"href":"https:\/\/groupe-capvert.com\/en\/wp-json\/wp\/v2\/users\/1"}],"replies":[{"embeddable":true,"href":"https:\/\/groupe-capvert.com\/en\/wp-json\/wp\/v2\/comments?post=4366"}],"version-history":[{"count":4,"href":"https:\/\/groupe-capvert.com\/en\/wp-json\/wp\/v2\/pages\/4366\/revisions"}],"predecessor-version":[{"id":4670,"href":"https:\/\/groupe-capvert.com\/en\/wp-json\/wp\/v2\/pages\/4366\/revisions\/4670"}],"wp:attachment":[{"href":"https:\/\/groupe-capvert.com\/en\/wp-json\/wp\/v2\/media?parent=4366"}],"curies":[{"name":"wp","href":"https:\/\/api.w.org\/{rel}","templated":true}]}}