{"id":4364,"date":"2024-01-04T10:40:00","date_gmt":"2024-01-04T09:40:00","guid":{"rendered":"https:\/\/groupe-capvert.com\/?page_id=4364"},"modified":"2024-05-29T17:41:57","modified_gmt":"2024-05-29T15:41:57","slug":"notre-demarche-rse","status":"publish","type":"page","link":"https:\/\/groupe-capvert.com\/en\/notre-demarche-rse\/","title":{"rendered":"Notre d\u00e9marche RSE"},"content":{"rendered":"","protected":false},"excerpt":{"rendered":"","protected":false},"author":1,"featured_media":0,"parent":0,"menu_order":1,"comment_status":"closed","ping_status":"closed","template":"","meta":{"_acf_changed":false,"footnotes":""},"class_list":["post-4364","page","type-page","status-publish","hentry"],"acf":[],"yoast_head":"<!-- This site is optimized with the Yoast SEO plugin v26.8 - https:\/\/yoast.com\/product\/yoast-seo-wordpress\/ -->\n<title>Notre d\u00e9marche RSE<\/title>\n<meta name=\"description\" content=\"Au sein du Groupe Cap Vert, nous croyons fermement que l\u2019avenir se dessine d\u00e8s maintenant. Dans le cadre de notre d\u00e9marche soci\u00e9tale et environnementale, nous avons audit\u00e9 l\u2019ensemble de nos entit\u00e9s pour d\u00e9finir nos enjeux en mati\u00e8re de RSE \u00e0 travers une analyse de mat\u00e9rialit\u00e9.\" \/>\n<meta name=\"robots\" content=\"index, follow, max-snippet:-1, max-image-preview:large, max-video-preview:-1\" \/>\n<meta property=\"og:locale\" content=\"en_GB\" \/>\n<meta property=\"og:type\" content=\"article\" \/>\n<meta property=\"og:title\" content=\"Notre d\u00e9marche RSE\" \/>\n<meta property=\"og:description\" content=\"Au sein du Groupe Cap Vert, nous croyons fermement que l\u2019avenir se dessine d\u00e8s maintenant. Dans le cadre de notre d\u00e9marche soci\u00e9tale et environnementale, nous avons audit\u00e9 l\u2019ensemble de nos entit\u00e9s pour d\u00e9finir nos enjeux en mati\u00e8re de RSE \u00e0 travers une analyse de mat\u00e9rialit\u00e9.\" \/>\n<meta property=\"og:url\" content=\"https:\/\/groupe-capvert.com\/en\/notre-demarche-rse\/\" \/>\n<meta property=\"og:site_name\" content=\"Groupe Cap Vert\" \/>\n<meta property=\"article:modified_time\" content=\"2024-05-29T15:41:57+00:00\" \/>\n<meta property=\"og:image\" content=\"https:\/\/groupe-capvert.com\/wp-content\/uploads\/2023\/10\/logo.png\" \/>\n\t<meta property=\"og:image:width\" content=\"763\" \/>\n\t<meta property=\"og:image:height\" content=\"354\" \/>\n\t<meta property=\"og:image:type\" content=\"image\/png\" \/>\n<meta name=\"twitter:card\" content=\"summary_large_image\" \/>\n<script type=\"application\/ld+json\" class=\"yoast-schema-graph\">{\"@context\":\"https:\/\/schema.org\",\"@graph\":[{\"@type\":\"WebPage\",\"@id\":\"https:\/\/groupe-capvert.com\/en\/notre-demarche-rse\/\",\"url\":\"https:\/\/groupe-capvert.com\/en\/notre-demarche-rse\/\",\"name\":\"Notre d\u00e9marche RSE - Groupe Cap Vert\",\"isPartOf\":{\"@id\":\"https:\/\/groupe-capvert.com\/#website\"},\"datePublished\":\"2024-01-04T09:40:00+00:00\",\"dateModified\":\"2024-05-29T15:41:57+00:00\",\"description\":\"Au sein du Groupe Cap Vert, nous croyons fermement que l\u2019avenir se dessine d\u00e8s maintenant. Dans le cadre de notre d\u00e9marche soci\u00e9tale et environnementale, nous avons audit\u00e9 l\u2019ensemble de nos entit\u00e9s pour d\u00e9finir nos enjeux en mati\u00e8re de RSE \u00e0 travers une analyse de mat\u00e9rialit\u00e9.\",\"breadcrumb\":{\"@id\":\"https:\/\/groupe-capvert.com\/en\/notre-demarche-rse\/#breadcrumb\"},\"inLanguage\":\"en-GB\",\"potentialAction\":[{\"@type\":\"ReadAction\",\"target\":[\"https:\/\/groupe-capvert.com\/en\/notre-demarche-rse\/\"]}]},{\"@type\":\"BreadcrumbList\",\"@id\":\"https:\/\/groupe-capvert.com\/en\/notre-demarche-rse\/#breadcrumb\",\"itemListElement\":[{\"@type\":\"ListItem\",\"position\":1,\"name\":\"Accueil\",\"item\":\"https:\/\/groupe-capvert.com\/\"},{\"@type\":\"ListItem\",\"position\":2,\"name\":\"Notre d\u00e9marche RSE\"}]},{\"@type\":\"WebSite\",\"@id\":\"https:\/\/groupe-capvert.com\/en\/#website\",\"url\":\"https:\/\/groupe-capvert.com\/en\/\",\"name\":\"Groupe Cap Vert\",\"description\":\"\",\"publisher\":{\"@id\":\"https:\/\/groupe-capvert.com\/en\/#organization\"},\"potentialAction\":[{\"@type\":\"SearchAction\",\"target\":{\"@type\":\"EntryPoint\",\"urlTemplate\":\"https:\/\/groupe-capvert.com\/en\/?s={search_term_string}\"},\"query-input\":{\"@type\":\"PropertyValueSpecification\",\"valueRequired\":true,\"valueName\":\"search_term_string\"}}],\"inLanguage\":\"en-GB\"},{\"@type\":\"Organization\",\"@id\":\"https:\/\/groupe-capvert.com\/en\/#organization\",\"name\":\"Groupe Cap Vert\",\"url\":\"https:\/\/groupe-capvert.com\/en\/\",\"logo\":{\"@type\":\"ImageObject\",\"inLanguage\":\"en-GB\",\"@id\":\"https:\/\/groupe-capvert.com\/en\/#\/schema\/logo\/image\/\",\"url\":\"https:\/\/groupe-capvert.com\/wp-content\/uploads\/2023\/10\/logo.png\",\"contentUrl\":\"https:\/\/groupe-capvert.com\/wp-content\/uploads\/2023\/10\/logo.png\",\"width\":763,\"height\":354,\"caption\":\"Groupe Cap Vert\"},\"image\":{\"@id\":\"https:\/\/groupe-capvert.com\/en\/#\/schema\/logo\/image\/\"},\"sameAs\":[\"https:\/\/www.linkedin.com\/company\/groupe-capvert\"]}]}<\/script>\n<!-- \/ Yoast SEO plugin. -->","yoast_head_json":{"title":"Notre d\u00e9marche RSE","description":"Au sein du Groupe Cap Vert, nous croyons fermement que l\u2019avenir se dessine d\u00e8s maintenant. Dans le cadre de notre d\u00e9marche soci\u00e9tale et environnementale, nous avons audit\u00e9 l\u2019ensemble de nos entit\u00e9s pour d\u00e9finir nos enjeux en mati\u00e8re de RSE \u00e0 travers une analyse de mat\u00e9rialit\u00e9.","robots":{"index":"index","follow":"follow","max-snippet":"max-snippet:-1","max-image-preview":"max-image-preview:large","max-video-preview":"max-video-preview:-1"},"og_locale":"en_GB","og_type":"article","og_title":"Notre d\u00e9marche RSE","og_description":"Au sein du Groupe Cap Vert, nous croyons fermement que l\u2019avenir se dessine d\u00e8s maintenant. Dans le cadre de notre d\u00e9marche soci\u00e9tale et environnementale, nous avons audit\u00e9 l\u2019ensemble de nos entit\u00e9s pour d\u00e9finir nos enjeux en mati\u00e8re de RSE \u00e0 travers une analyse de mat\u00e9rialit\u00e9.","og_url":"https:\/\/groupe-capvert.com\/en\/notre-demarche-rse\/","og_site_name":"Groupe Cap Vert","article_modified_time":"2024-05-29T15:41:57+00:00","og_image":[{"width":763,"height":354,"url":"https:\/\/groupe-capvert.com\/wp-content\/uploads\/2023\/10\/logo.png","type":"image\/png"}],"twitter_card":"summary_large_image","schema":{"@context":"https:\/\/schema.org","@graph":[{"@type":"WebPage","@id":"https:\/\/groupe-capvert.com\/en\/notre-demarche-rse\/","url":"https:\/\/groupe-capvert.com\/en\/notre-demarche-rse\/","name":"Notre d\u00e9marche RSE - Groupe Cap Vert","isPartOf":{"@id":"https:\/\/groupe-capvert.com\/#website"},"datePublished":"2024-01-04T09:40:00+00:00","dateModified":"2024-05-29T15:41:57+00:00","description":"Au sein du Groupe Cap Vert, nous croyons fermement que l\u2019avenir se dessine d\u00e8s maintenant. Dans le cadre de notre d\u00e9marche soci\u00e9tale et environnementale, nous avons audit\u00e9 l\u2019ensemble de nos entit\u00e9s pour d\u00e9finir nos enjeux en mati\u00e8re de RSE \u00e0 travers une analyse de mat\u00e9rialit\u00e9.","breadcrumb":{"@id":"https:\/\/groupe-capvert.com\/en\/notre-demarche-rse\/#breadcrumb"},"inLanguage":"en-GB","potentialAction":[{"@type":"ReadAction","target":["https:\/\/groupe-capvert.com\/en\/notre-demarche-rse\/"]}]},{"@type":"BreadcrumbList","@id":"https:\/\/groupe-capvert.com\/en\/notre-demarche-rse\/#breadcrumb","itemListElement":[{"@type":"ListItem","position":1,"name":"Accueil","item":"https:\/\/groupe-capvert.com\/"},{"@type":"ListItem","position":2,"name":"Notre d\u00e9marche RSE"}]},{"@type":"WebSite","@id":"https:\/\/groupe-capvert.com\/en\/#website","url":"https:\/\/groupe-capvert.com\/en\/","name":"Groupe Cap Vert","description":"","publisher":{"@id":"https:\/\/groupe-capvert.com\/en\/#organization"},"potentialAction":[{"@type":"SearchAction","target":{"@type":"EntryPoint","urlTemplate":"https:\/\/groupe-capvert.com\/en\/?s={search_term_string}"},"query-input":{"@type":"PropertyValueSpecification","valueRequired":true,"valueName":"search_term_string"}}],"inLanguage":"en-GB"},{"@type":"Organization","@id":"https:\/\/groupe-capvert.com\/en\/#organization","name":"Groupe Cap Vert","url":"https:\/\/groupe-capvert.com\/en\/","logo":{"@type":"ImageObject","inLanguage":"en-GB","@id":"https:\/\/groupe-capvert.com\/en\/#\/schema\/logo\/image\/","url":"https:\/\/groupe-capvert.com\/wp-content\/uploads\/2023\/10\/logo.png","contentUrl":"https:\/\/groupe-capvert.com\/wp-content\/uploads\/2023\/10\/logo.png","width":763,"height":354,"caption":"Groupe Cap Vert"},"image":{"@id":"https:\/\/groupe-capvert.com\/en\/#\/schema\/logo\/image\/"},"sameAs":["https:\/\/www.linkedin.com\/company\/groupe-capvert"]}]}},"_links":{"self":[{"href":"https:\/\/groupe-capvert.com\/en\/wp-json\/wp\/v2\/pages\/4364","targetHints":{"allow":["GET"]}}],"collection":[{"href":"https:\/\/groupe-capvert.com\/en\/wp-json\/wp\/v2\/pages"}],"about":[{"href":"https:\/\/groupe-capvert.com\/en\/wp-json\/wp\/v2\/types\/page"}],"author":[{"embeddable":true,"href":"https:\/\/groupe-capvert.com\/en\/wp-json\/wp\/v2\/users\/1"}],"replies":[{"embeddable":true,"href":"https:\/\/groupe-capvert.com\/en\/wp-json\/wp\/v2\/comments?post=4364"}],"version-history":[{"count":2,"href":"https:\/\/groupe-capvert.com\/en\/wp-json\/wp\/v2\/pages\/4364\/revisions"}],"predecessor-version":[{"id":5224,"href":"https:\/\/groupe-capvert.com\/en\/wp-json\/wp\/v2\/pages\/4364\/revisions\/5224"}],"wp:attachment":[{"href":"https:\/\/groupe-capvert.com\/en\/wp-json\/wp\/v2\/media?parent=4364"}],"curies":[{"name":"wp","href":"https:\/\/api.w.org\/{rel}","templated":true}]}}