{"id":465,"date":"2023-09-15T08:22:21","date_gmt":"2023-09-15T06:22:21","guid":{"rendered":"https:\/\/groupe-capvert.com\/?page_id=465"},"modified":"2025-09-02T12:49:33","modified_gmt":"2025-09-02T10:49:33","slug":"implantation","status":"publish","type":"page","link":"https:\/\/groupe-capvert.com\/de\/implantation\/","title":{"rendered":"Implantation"},"content":{"rendered":"","protected":false},"excerpt":{"rendered":"","protected":false},"author":1,"featured_media":0,"parent":0,"menu_order":4,"comment_status":"closed","ping_status":"closed","template":"","meta":{"_acf_changed":false,"footnotes":""},"class_list":["post-465","page","type-page","status-publish","hentry"],"acf":[],"yoast_head":"<!-- This site is optimized with the Yoast SEO plugin v26.8 - https:\/\/yoast.com\/product\/yoast-seo-wordpress\/ -->\n<title>Implantation<\/title>\n<meta name=\"description\" content=\"Historiquement implant\u00e9 dans l&#039;ouest de la r\u00e9gion parisienne, le Groupe CAP VERT regroupe 15 soci\u00e9t\u00e9s r\u00e9parties dans plusieurs r\u00e9gions de la France.\" \/>\n<meta name=\"robots\" content=\"index, follow, max-snippet:-1, max-image-preview:large, max-video-preview:-1\" \/>\n<meta property=\"og:locale\" content=\"de_DE\" \/>\n<meta property=\"og:type\" content=\"article\" \/>\n<meta property=\"og:title\" content=\"Implantation\" \/>\n<meta property=\"og:description\" content=\"Historiquement implant\u00e9 dans l&#039;ouest de la r\u00e9gion parisienne, le Groupe CAP VERT regroupe 15 soci\u00e9t\u00e9s r\u00e9parties dans plusieurs r\u00e9gions de la France.\" \/>\n<meta property=\"og:url\" content=\"https:\/\/groupe-capvert.com\/de\/implantation\/\" \/>\n<meta property=\"og:site_name\" content=\"Groupe Cap Vert\" \/>\n<meta property=\"article:modified_time\" content=\"2025-09-02T10:49:33+00:00\" \/>\n<meta property=\"og:image\" content=\"https:\/\/groupe-capvert.com\/wp-content\/uploads\/2023\/10\/logo.png\" \/>\n\t<meta property=\"og:image:width\" content=\"763\" \/>\n\t<meta property=\"og:image:height\" content=\"354\" \/>\n\t<meta property=\"og:image:type\" content=\"image\/png\" \/>\n<meta name=\"twitter:card\" content=\"summary_large_image\" \/>\n<script type=\"application\/ld+json\" class=\"yoast-schema-graph\">{\"@context\":\"https:\/\/schema.org\",\"@graph\":[{\"@type\":\"WebPage\",\"@id\":\"https:\/\/groupe-capvert.com\/de\/implantation\/\",\"url\":\"https:\/\/groupe-capvert.com\/de\/implantation\/\",\"name\":\"Implantation - Groupe Cap Vert\",\"isPartOf\":{\"@id\":\"https:\/\/groupe-capvert.com\/#website\"},\"datePublished\":\"2023-09-15T06:22:21+00:00\",\"dateModified\":\"2025-09-02T10:49:33+00:00\",\"description\":\"Historiquement implant\u00e9 dans l'ouest de la r\u00e9gion parisienne, le Groupe CAP VERT regroupe 15 soci\u00e9t\u00e9s r\u00e9parties dans plusieurs r\u00e9gions de la France.\",\"breadcrumb\":{\"@id\":\"https:\/\/groupe-capvert.com\/de\/implantation\/#breadcrumb\"},\"inLanguage\":\"de\",\"potentialAction\":[{\"@type\":\"ReadAction\",\"target\":[\"https:\/\/groupe-capvert.com\/de\/implantation\/\"]}]},{\"@type\":\"BreadcrumbList\",\"@id\":\"https:\/\/groupe-capvert.com\/de\/implantation\/#breadcrumb\",\"itemListElement\":[{\"@type\":\"ListItem\",\"position\":1,\"name\":\"Accueil\",\"item\":\"https:\/\/groupe-capvert.com\/\"},{\"@type\":\"ListItem\",\"position\":2,\"name\":\"Implantation\"}]},{\"@type\":\"WebSite\",\"@id\":\"https:\/\/groupe-capvert.com\/de\/#website\",\"url\":\"https:\/\/groupe-capvert.com\/de\/\",\"name\":\"Groupe Cap Vert\",\"description\":\"\",\"publisher\":{\"@id\":\"https:\/\/groupe-capvert.com\/de\/#organization\"},\"potentialAction\":[{\"@type\":\"SearchAction\",\"target\":{\"@type\":\"EntryPoint\",\"urlTemplate\":\"https:\/\/groupe-capvert.com\/de\/?s={search_term_string}\"},\"query-input\":{\"@type\":\"PropertyValueSpecification\",\"valueRequired\":true,\"valueName\":\"search_term_string\"}}],\"inLanguage\":\"de\"},{\"@type\":\"Organization\",\"@id\":\"https:\/\/groupe-capvert.com\/de\/#organization\",\"name\":\"Groupe Cap Vert\",\"url\":\"https:\/\/groupe-capvert.com\/de\/\",\"logo\":{\"@type\":\"ImageObject\",\"inLanguage\":\"de\",\"@id\":\"https:\/\/groupe-capvert.com\/de\/#\/schema\/logo\/image\/\",\"url\":\"https:\/\/groupe-capvert.com\/wp-content\/uploads\/2023\/10\/logo.png\",\"contentUrl\":\"https:\/\/groupe-capvert.com\/wp-content\/uploads\/2023\/10\/logo.png\",\"width\":763,\"height\":354,\"caption\":\"Groupe Cap Vert\"},\"image\":{\"@id\":\"https:\/\/groupe-capvert.com\/de\/#\/schema\/logo\/image\/\"},\"sameAs\":[\"https:\/\/www.linkedin.com\/company\/groupe-capvert\"]}]}<\/script>\n<!-- \/ Yoast SEO plugin. -->","yoast_head_json":{"title":"Implantation","description":"Historiquement implant\u00e9 dans l'ouest de la r\u00e9gion parisienne, le Groupe CAP VERT regroupe 15 soci\u00e9t\u00e9s r\u00e9parties dans plusieurs r\u00e9gions de la France.","robots":{"index":"index","follow":"follow","max-snippet":"max-snippet:-1","max-image-preview":"max-image-preview:large","max-video-preview":"max-video-preview:-1"},"og_locale":"de_DE","og_type":"article","og_title":"Implantation","og_description":"Historiquement implant\u00e9 dans l'ouest de la r\u00e9gion parisienne, le Groupe CAP VERT regroupe 15 soci\u00e9t\u00e9s r\u00e9parties dans plusieurs r\u00e9gions de la France.","og_url":"https:\/\/groupe-capvert.com\/de\/implantation\/","og_site_name":"Groupe Cap Vert","article_modified_time":"2025-09-02T10:49:33+00:00","og_image":[{"width":763,"height":354,"url":"https:\/\/groupe-capvert.com\/wp-content\/uploads\/2023\/10\/logo.png","type":"image\/png"}],"twitter_card":"summary_large_image","schema":{"@context":"https:\/\/schema.org","@graph":[{"@type":"WebPage","@id":"https:\/\/groupe-capvert.com\/de\/implantation\/","url":"https:\/\/groupe-capvert.com\/de\/implantation\/","name":"Implantation - Groupe Cap Vert","isPartOf":{"@id":"https:\/\/groupe-capvert.com\/#website"},"datePublished":"2023-09-15T06:22:21+00:00","dateModified":"2025-09-02T10:49:33+00:00","description":"Historiquement implant\u00e9 dans l'ouest de la r\u00e9gion parisienne, le Groupe CAP VERT regroupe 15 soci\u00e9t\u00e9s r\u00e9parties dans plusieurs r\u00e9gions de la France.","breadcrumb":{"@id":"https:\/\/groupe-capvert.com\/de\/implantation\/#breadcrumb"},"inLanguage":"de","potentialAction":[{"@type":"ReadAction","target":["https:\/\/groupe-capvert.com\/de\/implantation\/"]}]},{"@type":"BreadcrumbList","@id":"https:\/\/groupe-capvert.com\/de\/implantation\/#breadcrumb","itemListElement":[{"@type":"ListItem","position":1,"name":"Accueil","item":"https:\/\/groupe-capvert.com\/"},{"@type":"ListItem","position":2,"name":"Implantation"}]},{"@type":"WebSite","@id":"https:\/\/groupe-capvert.com\/de\/#website","url":"https:\/\/groupe-capvert.com\/de\/","name":"Groupe Cap Vert","description":"","publisher":{"@id":"https:\/\/groupe-capvert.com\/de\/#organization"},"potentialAction":[{"@type":"SearchAction","target":{"@type":"EntryPoint","urlTemplate":"https:\/\/groupe-capvert.com\/de\/?s={search_term_string}"},"query-input":{"@type":"PropertyValueSpecification","valueRequired":true,"valueName":"search_term_string"}}],"inLanguage":"de"},{"@type":"Organization","@id":"https:\/\/groupe-capvert.com\/de\/#organization","name":"Groupe Cap Vert","url":"https:\/\/groupe-capvert.com\/de\/","logo":{"@type":"ImageObject","inLanguage":"de","@id":"https:\/\/groupe-capvert.com\/de\/#\/schema\/logo\/image\/","url":"https:\/\/groupe-capvert.com\/wp-content\/uploads\/2023\/10\/logo.png","contentUrl":"https:\/\/groupe-capvert.com\/wp-content\/uploads\/2023\/10\/logo.png","width":763,"height":354,"caption":"Groupe Cap Vert"},"image":{"@id":"https:\/\/groupe-capvert.com\/de\/#\/schema\/logo\/image\/"},"sameAs":["https:\/\/www.linkedin.com\/company\/groupe-capvert"]}]}},"_links":{"self":[{"href":"https:\/\/groupe-capvert.com\/de\/wp-json\/wp\/v2\/pages\/465","targetHints":{"allow":["GET"]}}],"collection":[{"href":"https:\/\/groupe-capvert.com\/de\/wp-json\/wp\/v2\/pages"}],"about":[{"href":"https:\/\/groupe-capvert.com\/de\/wp-json\/wp\/v2\/types\/page"}],"author":[{"embeddable":true,"href":"https:\/\/groupe-capvert.com\/de\/wp-json\/wp\/v2\/users\/1"}],"replies":[{"embeddable":true,"href":"https:\/\/groupe-capvert.com\/de\/wp-json\/wp\/v2\/comments?post=465"}],"version-history":[{"count":1,"href":"https:\/\/groupe-capvert.com\/de\/wp-json\/wp\/v2\/pages\/465\/revisions"}],"predecessor-version":[{"id":5228,"href":"https:\/\/groupe-capvert.com\/de\/wp-json\/wp\/v2\/pages\/465\/revisions\/5228"}],"wp:attachment":[{"href":"https:\/\/groupe-capvert.com\/de\/wp-json\/wp\/v2\/media?parent=465"}],"curies":[{"name":"wp","href":"https:\/\/api.w.org\/{rel}","templated":true}]}}