{"id":176,"date":"2023-10-17T12:24:13","date_gmt":"2023-10-17T10:24:13","guid":{"rendered":"http:\/\/facebook@charlieprod.com"},"modified":"2025-04-10T12:16:58","modified_gmt":"2025-04-10T10:16:58","slug":"cookies","status":"publish","type":"page","link":"https:\/\/groupe-capvert.com\/de\/cookies\/","title":{"rendered":"Cookies"},"content":{"rendered":"","protected":false},"excerpt":{"rendered":"","protected":false},"author":1,"featured_media":0,"parent":0,"menu_order":103,"comment_status":"closed","ping_status":"closed","template":"","meta":{"_acf_changed":false,"footnotes":""},"class_list":["post-176","page","type-page","status-publish","hentry"],"acf":[],"yoast_head":"<!-- This site is optimized with the Yoast SEO plugin v26.8 - https:\/\/yoast.com\/product\/yoast-seo-wordpress\/ -->\n<title>Cookies<\/title>\n<meta name=\"description\" content=\"Contr\u00f4lez vos pr\u00e9f\u00e9rences en mati\u00e8re de cookies sur le site Cap Vert. Acceptez, refusez ou personnalisez les traceurs pour une navigation adapt\u00e9e \u00e0 vos besoins. Transparence et respect du RGPD garantis.\" \/>\n<meta name=\"robots\" content=\"index, follow, max-snippet:-1, max-image-preview:large, max-video-preview:-1\" \/>\n<meta property=\"og:locale\" content=\"de_DE\" \/>\n<meta property=\"og:type\" content=\"article\" \/>\n<meta property=\"og:title\" content=\"Cookies\" \/>\n<meta property=\"og:description\" content=\"Contr\u00f4lez vos pr\u00e9f\u00e9rences en mati\u00e8re de cookies sur le site Cap Vert. Acceptez, refusez ou personnalisez les traceurs pour une navigation adapt\u00e9e \u00e0 vos besoins. Transparence et respect du RGPD garantis.\" \/>\n<meta property=\"og:url\" content=\"https:\/\/groupe-capvert.com\/de\/cookies\/\" \/>\n<meta property=\"og:site_name\" content=\"Groupe Cap Vert\" \/>\n<meta property=\"article:modified_time\" content=\"2025-04-10T10:16:58+00:00\" \/>\n<meta property=\"og:image\" content=\"https:\/\/groupe-capvert.com\/wp-content\/uploads\/2023\/10\/logo.png\" \/>\n\t<meta property=\"og:image:width\" content=\"763\" \/>\n\t<meta property=\"og:image:height\" content=\"354\" \/>\n\t<meta property=\"og:image:type\" content=\"image\/png\" \/>\n<meta name=\"twitter:card\" content=\"summary_large_image\" \/>\n<script type=\"application\/ld+json\" class=\"yoast-schema-graph\">{\"@context\":\"https:\/\/schema.org\",\"@graph\":[{\"@type\":\"WebPage\",\"@id\":\"https:\/\/groupe-capvert.com\/de\/cookies\/\",\"url\":\"https:\/\/groupe-capvert.com\/de\/cookies\/\",\"name\":\"Cookies - Groupe Cap Vert\",\"isPartOf\":{\"@id\":\"https:\/\/groupe-capvert.com\/#website\"},\"datePublished\":\"2023-10-17T10:24:13+00:00\",\"dateModified\":\"2025-04-10T10:16:58+00:00\",\"description\":\"Contr\u00f4lez vos pr\u00e9f\u00e9rences en mati\u00e8re de cookies sur le site Cap Vert. Acceptez, refusez ou personnalisez les traceurs pour une navigation adapt\u00e9e \u00e0 vos besoins. Transparence et respect du RGPD garantis.\",\"breadcrumb\":{\"@id\":\"https:\/\/groupe-capvert.com\/de\/cookies\/#breadcrumb\"},\"inLanguage\":\"de\",\"potentialAction\":[{\"@type\":\"ReadAction\",\"target\":[\"https:\/\/groupe-capvert.com\/de\/cookies\/\"]}]},{\"@type\":\"BreadcrumbList\",\"@id\":\"https:\/\/groupe-capvert.com\/de\/cookies\/#breadcrumb\",\"itemListElement\":[{\"@type\":\"ListItem\",\"position\":1,\"name\":\"Accueil\",\"item\":\"https:\/\/groupe-capvert.com\/\"},{\"@type\":\"ListItem\",\"position\":2,\"name\":\"Cookies\"}]},{\"@type\":\"WebSite\",\"@id\":\"https:\/\/groupe-capvert.com\/de\/#website\",\"url\":\"https:\/\/groupe-capvert.com\/de\/\",\"name\":\"Groupe Cap Vert\",\"description\":\"\",\"publisher\":{\"@id\":\"https:\/\/groupe-capvert.com\/de\/#organization\"},\"potentialAction\":[{\"@type\":\"SearchAction\",\"target\":{\"@type\":\"EntryPoint\",\"urlTemplate\":\"https:\/\/groupe-capvert.com\/de\/?s={search_term_string}\"},\"query-input\":{\"@type\":\"PropertyValueSpecification\",\"valueRequired\":true,\"valueName\":\"search_term_string\"}}],\"inLanguage\":\"de\"},{\"@type\":\"Organization\",\"@id\":\"https:\/\/groupe-capvert.com\/de\/#organization\",\"name\":\"Groupe Cap Vert\",\"url\":\"https:\/\/groupe-capvert.com\/de\/\",\"logo\":{\"@type\":\"ImageObject\",\"inLanguage\":\"de\",\"@id\":\"https:\/\/groupe-capvert.com\/de\/#\/schema\/logo\/image\/\",\"url\":\"https:\/\/groupe-capvert.com\/wp-content\/uploads\/2023\/10\/logo.png\",\"contentUrl\":\"https:\/\/groupe-capvert.com\/wp-content\/uploads\/2023\/10\/logo.png\",\"width\":763,\"height\":354,\"caption\":\"Groupe Cap Vert\"},\"image\":{\"@id\":\"https:\/\/groupe-capvert.com\/de\/#\/schema\/logo\/image\/\"},\"sameAs\":[\"https:\/\/www.linkedin.com\/company\/groupe-capvert\"]}]}<\/script>\n<!-- \/ Yoast SEO plugin. -->","yoast_head_json":{"title":"Cookies","description":"Contr\u00f4lez vos pr\u00e9f\u00e9rences en mati\u00e8re de cookies sur le site Cap Vert. Acceptez, refusez ou personnalisez les traceurs pour une navigation adapt\u00e9e \u00e0 vos besoins. Transparence et respect du RGPD garantis.","robots":{"index":"index","follow":"follow","max-snippet":"max-snippet:-1","max-image-preview":"max-image-preview:large","max-video-preview":"max-video-preview:-1"},"og_locale":"de_DE","og_type":"article","og_title":"Cookies","og_description":"Contr\u00f4lez vos pr\u00e9f\u00e9rences en mati\u00e8re de cookies sur le site Cap Vert. Acceptez, refusez ou personnalisez les traceurs pour une navigation adapt\u00e9e \u00e0 vos besoins. Transparence et respect du RGPD garantis.","og_url":"https:\/\/groupe-capvert.com\/de\/cookies\/","og_site_name":"Groupe Cap Vert","article_modified_time":"2025-04-10T10:16:58+00:00","og_image":[{"width":763,"height":354,"url":"https:\/\/groupe-capvert.com\/wp-content\/uploads\/2023\/10\/logo.png","type":"image\/png"}],"twitter_card":"summary_large_image","schema":{"@context":"https:\/\/schema.org","@graph":[{"@type":"WebPage","@id":"https:\/\/groupe-capvert.com\/de\/cookies\/","url":"https:\/\/groupe-capvert.com\/de\/cookies\/","name":"Cookies - Groupe Cap Vert","isPartOf":{"@id":"https:\/\/groupe-capvert.com\/#website"},"datePublished":"2023-10-17T10:24:13+00:00","dateModified":"2025-04-10T10:16:58+00:00","description":"Contr\u00f4lez vos pr\u00e9f\u00e9rences en mati\u00e8re de cookies sur le site Cap Vert. Acceptez, refusez ou personnalisez les traceurs pour une navigation adapt\u00e9e \u00e0 vos besoins. Transparence et respect du RGPD garantis.","breadcrumb":{"@id":"https:\/\/groupe-capvert.com\/de\/cookies\/#breadcrumb"},"inLanguage":"de","potentialAction":[{"@type":"ReadAction","target":["https:\/\/groupe-capvert.com\/de\/cookies\/"]}]},{"@type":"BreadcrumbList","@id":"https:\/\/groupe-capvert.com\/de\/cookies\/#breadcrumb","itemListElement":[{"@type":"ListItem","position":1,"name":"Accueil","item":"https:\/\/groupe-capvert.com\/"},{"@type":"ListItem","position":2,"name":"Cookies"}]},{"@type":"WebSite","@id":"https:\/\/groupe-capvert.com\/de\/#website","url":"https:\/\/groupe-capvert.com\/de\/","name":"Groupe Cap Vert","description":"","publisher":{"@id":"https:\/\/groupe-capvert.com\/de\/#organization"},"potentialAction":[{"@type":"SearchAction","target":{"@type":"EntryPoint","urlTemplate":"https:\/\/groupe-capvert.com\/de\/?s={search_term_string}"},"query-input":{"@type":"PropertyValueSpecification","valueRequired":true,"valueName":"search_term_string"}}],"inLanguage":"de"},{"@type":"Organization","@id":"https:\/\/groupe-capvert.com\/de\/#organization","name":"Groupe Cap Vert","url":"https:\/\/groupe-capvert.com\/de\/","logo":{"@type":"ImageObject","inLanguage":"de","@id":"https:\/\/groupe-capvert.com\/de\/#\/schema\/logo\/image\/","url":"https:\/\/groupe-capvert.com\/wp-content\/uploads\/2023\/10\/logo.png","contentUrl":"https:\/\/groupe-capvert.com\/wp-content\/uploads\/2023\/10\/logo.png","width":763,"height":354,"caption":"Groupe Cap Vert"},"image":{"@id":"https:\/\/groupe-capvert.com\/de\/#\/schema\/logo\/image\/"},"sameAs":["https:\/\/www.linkedin.com\/company\/groupe-capvert"]}]}},"_links":{"self":[{"href":"https:\/\/groupe-capvert.com\/de\/wp-json\/wp\/v2\/pages\/176","targetHints":{"allow":["GET"]}}],"collection":[{"href":"https:\/\/groupe-capvert.com\/de\/wp-json\/wp\/v2\/pages"}],"about":[{"href":"https:\/\/groupe-capvert.com\/de\/wp-json\/wp\/v2\/types\/page"}],"author":[{"embeddable":true,"href":"https:\/\/groupe-capvert.com\/de\/wp-json\/wp\/v2\/users\/1"}],"replies":[{"embeddable":true,"href":"https:\/\/groupe-capvert.com\/de\/wp-json\/wp\/v2\/comments?post=176"}],"version-history":[{"count":1,"href":"https:\/\/groupe-capvert.com\/de\/wp-json\/wp\/v2\/pages\/176\/revisions"}],"predecessor-version":[{"id":7879,"href":"https:\/\/groupe-capvert.com\/de\/wp-json\/wp\/v2\/pages\/176\/revisions\/7879"}],"wp:attachment":[{"href":"https:\/\/groupe-capvert.com\/de\/wp-json\/wp\/v2\/media?parent=176"}],"curies":[{"name":"wp","href":"https:\/\/api.w.org\/{rel}","templated":true}]}}