{"id":174,"date":"2023-10-17T12:24:13","date_gmt":"2023-10-17T10:24:13","guid":{"rendered":"http:\/\/facebook@charlieprod.com"},"modified":"2025-04-10T12:14:25","modified_gmt":"2025-04-10T10:14:25","slug":"mentions-legales","status":"publish","type":"page","link":"https:\/\/groupe-capvert.com\/de\/mentions-legales\/","title":{"rendered":"Mentions l\u00e9gales"},"content":{"rendered":"\t\t<div data-elementor-type=\"wp-page\" data-elementor-id=\"174\" class=\"elementor elementor-174\" data-elementor-post-type=\"page\">\n\t\t\t\t<section class=\"elementor-element elementor-element-c7d9f88 e-con-full e-flex e-con e-parent\" data-id=\"c7d9f88\" data-element_type=\"container\">\n\t\t<div class=\"elementor-element elementor-element-a5a6b2d e-flex e-con-boxed e-con e-child\" data-id=\"a5a6b2d\" data-element_type=\"container\">\n\t\t\t\t\t<div class=\"e-con-inner\">\n\t\t\t\t<div class=\"elementor-element elementor-element-0619df5 elementor-widget elementor-widget-heading\" data-id=\"0619df5\" data-element_type=\"widget\" data-widget_type=\"heading.default\">\n\t\t\t\t<div class=\"elementor-widget-container\">\n\t\t\t\t\t<h2 class=\"elementor-heading-title elementor-size-default\">Mentions l\u00e9gales<\/h2>\t\t\t\t<\/div>\n\t\t\t\t<\/div>\n\t\t\t\t<div class=\"elementor-element elementor-element-bbc5d0a elementor-widget elementor-widget-text-editor\" data-id=\"bbc5d0a\" data-element_type=\"widget\" data-widget_type=\"text-editor.default\">\n\t\t\t\t<div class=\"elementor-widget-container\">\n\t\t\t\t\t\t\t\t\t<p>Conform\u00e9ment aux dispositions de la loi n\u00b0 2004-575 du 21 juin 2004 pour la confiance en l\u2019\u00e9conomie num\u00e9rique, il est pr\u00e9cis\u00e9 aux utilisateurs du Site l\u2019identit\u00e9 des diff\u00e9rents intervenants dans le cadre de sa r\u00e9alisation et de son suivi.\u00a0<\/p>\n<p>\u00a0<\/p>\n<p>\u00a0<\/p>\n<h2 class=\"wp-block-heading\">\u00c9dition du site<\/h2>\n<p>\u00a0<\/p>\n<p>Le site\u00a0<a href=\"https:\/\/groupe-capvert.com\/\">groupe-capvert.com<\/a>\u00a0est \u00e9dit\u00e9 par la soci\u00e9t\u00e9 Cap Vert, soci\u00e9t\u00e9 par actions simplifi\u00e9e, immatricul\u00e9e sous le SIREN 904912466 et dont le si\u00e8ge social est situ\u00e9 28 avenue Roger Hennequin, 78190 Trappes.<\/p>\n<p>\u00a0<\/p>\n<p>\u00a0<\/p>\n<h2 class=\"wp-block-heading\">Responsable de publication<\/h2>\n<p>\u00a0<\/p>\n<p>Monsieur Eric GIROT, directeur g\u00e9n\u00e9ral du Groupe Cap Vert.<\/p>\n<p>\u00a0<\/p>\n<p>\u00a0<\/p>\n<h2 class=\"wp-block-heading\">Charte graphique et d\u00e9veloppement du site<\/h2>\n<p>\u00a0<\/p>\n<p>La charte graphique a \u00e9t\u00e9 r\u00e9alis\u00e9e par\u00a0<a href=\"https:\/\/k-i-s.me\/\" target=\"_blank\" rel=\"noreferrer noopener\">V\u00e9ronique CHOUVET<\/a>.<br \/>Le d\u00e9veloppement du site, l\u2019int\u00e9gration du site et l\u2019optimisation SEO sont assur\u00e9s par\u00a0<a href=\"https:\/\/charlieprod.com\/\" target=\"_blank\" rel=\"noreferrer noopener\">Charlieprod<\/a>.<\/p>\n<p>\u00a0<\/p>\n<p>\u00a0<\/p>\n<h2 class=\"wp-block-heading\">H\u00e9bergeur<\/h2>\n<p>\u00a0<\/p>\n<p>Le site\u00a0<a href=\"https:\/\/groupe-capvert.com\/\">groupe-capvert.com<\/a>\u00a0est h\u00e9berg\u00e9 par la soci\u00e9t\u00e9 OVH.<\/p>\n<p>\u00a0<\/p>\n<p>\u00a0<\/p>\n<h2 class=\"wp-block-heading\">Nous contacter<\/h2>\n<p>\u00a0<\/p>\n<p>Par t\u00e9l\u00e9phone : 05 82 28 06 40<br \/>Par email :\u00a0<a href=\"mailto:contact@groupe-capvert.com\">contact@groupe-capvert.com<\/a><br \/>Par courrier : Cap Vert, 38-40 Av. Roger Hennequin, 78190 TRAPPES<\/p>\n<p>\u00a0<\/p>\n<p>\u00a0<\/p>\n<h2 class=\"wp-block-heading\">Votre vie priv\u00e9e<\/h2>\n<p>Le traitement de vos donn\u00e9es \u00e0 caract\u00e8re personnel est r\u00e9gi par notre Charte du respect de la vie priv\u00e9e conform\u00e9ment au R\u00e8glement G\u00e9n\u00e9ral sur la Protection des Donn\u00e9es 2016\/679 du 27 avril 2016 (\u00ab RGPD \u00bb). Cap Vert a d\u00e9sign\u00e9 un D\u00e9l\u00e9gu\u00e9 \u00e0 la Protection des Donn\u00e9es (DPO) aupr\u00e8s de la CNIL (D\u00e9signation N\u00b0 DPO-1777).<br \/>Pour toute question concernant vos donn\u00e9es personnelles ou si vous souhaitez supprimer votre Compte, merci de nous contacter \u00e0 l\u2019adresse suivante : Cap Vert, 38-40 Av. Roger Hennequin, 78190 TRAPPES (en indiquant \u00ab\u00a0Vie Priv\u00e9e \u2013 Protection des Donn\u00e9es\u00a0\u00bb) ou par email \u00e0\u00a0<a href=\"mailto:contact@groupe-capvert.com\">contact@groupe-capvert.com<\/a>.<\/p>\t\t\t\t\t\t\t\t<\/div>\n\t\t\t\t<\/div>\n\t\t\t\t\t<\/div>\n\t\t\t\t<\/div>\n\t\t\t\t<\/section>\n\t\t\t\t<\/div>\n\t\t","protected":false},"excerpt":{"rendered":"<p>Conform\u00e9ment aux dispositions de la loi n\u00b0 2004-575 du 21 juin 2004 pour la confiance en l\u2019\u00e9conomie num\u00e9rique, il est pr\u00e9cis\u00e9 aux utilisateurs du Site l\u2019identit\u00e9 des diff\u00e9rents intervenants dans le cadre de sa r\u00e9alisation et de son suivi.\u00a0 \u00a0 \u00a0 \u00c9dition du site \u00a0 Le site\u00a0groupe-capvert.com\u00a0est \u00e9dit\u00e9 par la soci\u00e9t\u00e9 Cap Vert, soci\u00e9t\u00e9 par [&hellip;]<\/p>\n","protected":false},"author":1,"featured_media":0,"parent":0,"menu_order":101,"comment_status":"closed","ping_status":"closed","template":"","meta":{"_acf_changed":false,"footnotes":""},"class_list":["post-174","page","type-page","status-publish","hentry"],"acf":[],"yoast_head":"<!-- This site is optimized with the Yoast SEO plugin v26.8 - https:\/\/yoast.com\/product\/yoast-seo-wordpress\/ -->\n<title>Mentions l\u00e9gales<\/title>\n<meta name=\"description\" content=\"Consultez les mentions l\u00e9gales de Cap Vert. Retrouvez nos informations juridiques, politique de confidentialit\u00e9 et conditions d&#039;utilisation. Conformit\u00e9 RGPD et droits des utilisateurs.\" \/>\n<meta name=\"robots\" content=\"index, follow, max-snippet:-1, max-image-preview:large, max-video-preview:-1\" \/>\n<link rel=\"canonical\" href=\"http:\/\/Conform\u00e9ment%20aux%20dispositions%20de%20la%20loi%20n\u00b0%202004-575%20du%2021%20juin%202004%20pour%20la%20confiance%20en%20l\u2019\u00e9conomie%20num\u00e9rique,%20il%20est%20pr\u00e9cis\u00e9%20aux%20utilisateurs%20du%20Site%20l\u2019identit\u00e9%20des%20diff\u00e9rents%20intervenants%20dans%20le%20cadre%20de%20sa%20r\u00e9alisation%20et%20de%20son%20suivi.\u00a0%20\u00a0%20\u00a0%20\u00c9dition%20du%20site%20\u00a0%20Le%20site\u00a0groupe-capvert.com\u00a0est%20\u00e9dit\u00e9%20par%20la%20soci\u00e9t\u00e9%20Cap%20Vert,%20soci\u00e9t\u00e9%20par&hellip;\" \/>\n<meta property=\"og:locale\" content=\"de_DE\" \/>\n<meta property=\"og:type\" content=\"article\" \/>\n<meta property=\"og:title\" content=\"Mentions l\u00e9gales\" \/>\n<meta property=\"og:description\" content=\"Consultez les mentions l\u00e9gales de Cap Vert. Retrouvez nos informations juridiques, politique de confidentialit\u00e9 et conditions d&#039;utilisation. Conformit\u00e9 RGPD et droits des utilisateurs.\" \/>\n<meta property=\"og:url\" content=\"https:\/\/groupe-capvert.com\/de\/mentions-legales\/\" \/>\n<meta property=\"og:site_name\" content=\"Groupe Cap Vert\" \/>\n<meta property=\"article:modified_time\" content=\"2025-04-10T10:14:25+00:00\" \/>\n<meta property=\"og:image\" content=\"https:\/\/groupe-capvert.com\/wp-content\/uploads\/2023\/10\/logo.png\" \/>\n\t<meta property=\"og:image:width\" content=\"763\" \/>\n\t<meta property=\"og:image:height\" content=\"354\" \/>\n\t<meta property=\"og:image:type\" content=\"image\/png\" \/>\n<meta name=\"twitter:card\" content=\"summary_large_image\" \/>\n<meta name=\"twitter:label1\" content=\"Gesch\u00e4tzte Lesezeit\" \/>\n\t<meta name=\"twitter:data1\" content=\"2\u00a0Minuten\" \/>\n<script type=\"application\/ld+json\" class=\"yoast-schema-graph\">{\"@context\":\"https:\/\/schema.org\",\"@graph\":[{\"@type\":\"WebPage\",\"@id\":\"https:\/\/groupe-capvert.com\/de\/mentions-legales\/\",\"url\":\"https:\/\/groupe-capvert.com\/de\/mentions-legales\/\",\"name\":\"Mentions l\u00e9gales - Groupe Cap Vert\",\"isPartOf\":{\"@id\":\"https:\/\/groupe-capvert.com\/#website\"},\"datePublished\":\"2023-10-17T10:24:13+00:00\",\"dateModified\":\"2025-04-10T10:14:25+00:00\",\"description\":\"Consultez les mentions l\u00e9gales de Cap Vert. Retrouvez nos informations juridiques, politique de confidentialit\u00e9 et conditions d'utilisation. Conformit\u00e9 RGPD et droits des utilisateurs.\",\"breadcrumb\":{\"@id\":\"https:\/\/groupe-capvert.com\/de\/mentions-legales\/#breadcrumb\"},\"inLanguage\":\"de\",\"potentialAction\":[{\"@type\":\"ReadAction\",\"target\":[\"https:\/\/groupe-capvert.com\/de\/mentions-legales\/\"]}]},{\"@type\":\"BreadcrumbList\",\"@id\":\"https:\/\/groupe-capvert.com\/de\/mentions-legales\/#breadcrumb\",\"itemListElement\":[{\"@type\":\"ListItem\",\"position\":1,\"name\":\"Accueil\",\"item\":\"https:\/\/groupe-capvert.com\/\"},{\"@type\":\"ListItem\",\"position\":2,\"name\":\"Mentions l\u00e9gales\"}]},{\"@type\":\"WebSite\",\"@id\":\"https:\/\/groupe-capvert.com\/de\/#website\",\"url\":\"https:\/\/groupe-capvert.com\/de\/\",\"name\":\"Groupe Cap Vert\",\"description\":\"\",\"publisher\":{\"@id\":\"https:\/\/groupe-capvert.com\/de\/#organization\"},\"potentialAction\":[{\"@type\":\"SearchAction\",\"target\":{\"@type\":\"EntryPoint\",\"urlTemplate\":\"https:\/\/groupe-capvert.com\/de\/?s={search_term_string}\"},\"query-input\":{\"@type\":\"PropertyValueSpecification\",\"valueRequired\":true,\"valueName\":\"search_term_string\"}}],\"inLanguage\":\"de\"},{\"@type\":\"Organization\",\"@id\":\"https:\/\/groupe-capvert.com\/de\/#organization\",\"name\":\"Groupe Cap Vert\",\"url\":\"https:\/\/groupe-capvert.com\/de\/\",\"logo\":{\"@type\":\"ImageObject\",\"inLanguage\":\"de\",\"@id\":\"https:\/\/groupe-capvert.com\/de\/#\/schema\/logo\/image\/\",\"url\":\"https:\/\/groupe-capvert.com\/wp-content\/uploads\/2023\/10\/logo.png\",\"contentUrl\":\"https:\/\/groupe-capvert.com\/wp-content\/uploads\/2023\/10\/logo.png\",\"width\":763,\"height\":354,\"caption\":\"Groupe Cap Vert\"},\"image\":{\"@id\":\"https:\/\/groupe-capvert.com\/de\/#\/schema\/logo\/image\/\"},\"sameAs\":[\"https:\/\/www.linkedin.com\/company\/groupe-capvert\"]}]}<\/script>\n<!-- \/ Yoast SEO plugin. -->","yoast_head_json":{"title":"Mentions l\u00e9gales","description":"Consultez les mentions l\u00e9gales de Cap Vert. Retrouvez nos informations juridiques, politique de confidentialit\u00e9 et conditions d'utilisation. Conformit\u00e9 RGPD et droits des utilisateurs.","robots":{"index":"index","follow":"follow","max-snippet":"max-snippet:-1","max-image-preview":"max-image-preview:large","max-video-preview":"max-video-preview:-1"},"canonical":"Conform\u00e9ment aux dispositions de la loi n\u00b0 2004-575 du 21 juin 2004 pour la confiance en l\u2019\u00e9conomie num\u00e9rique, il est pr\u00e9cis\u00e9 aux utilisateurs du Site l\u2019identit\u00e9 des diff\u00e9rents intervenants dans le cadre de sa r\u00e9alisation et de son suivi.\u00a0 \u00a0 \u00a0 \u00c9dition du site \u00a0 Le site\u00a0groupe-capvert.com\u00a0est \u00e9dit\u00e9 par la soci\u00e9t\u00e9 Cap Vert, soci\u00e9t\u00e9 par&hellip;","og_locale":"de_DE","og_type":"article","og_title":"Mentions l\u00e9gales","og_description":"Consultez les mentions l\u00e9gales de Cap Vert. Retrouvez nos informations juridiques, politique de confidentialit\u00e9 et conditions d'utilisation. Conformit\u00e9 RGPD et droits des utilisateurs.","og_url":"https:\/\/groupe-capvert.com\/de\/mentions-legales\/","og_site_name":"Groupe Cap Vert","article_modified_time":"2025-04-10T10:14:25+00:00","og_image":[{"width":763,"height":354,"url":"https:\/\/groupe-capvert.com\/wp-content\/uploads\/2023\/10\/logo.png","type":"image\/png"}],"twitter_card":"summary_large_image","twitter_misc":{"Gesch\u00e4tzte Lesezeit":"2\u00a0Minuten"},"schema":{"@context":"https:\/\/schema.org","@graph":[{"@type":"WebPage","@id":"https:\/\/groupe-capvert.com\/de\/mentions-legales\/","url":"https:\/\/groupe-capvert.com\/de\/mentions-legales\/","name":"Mentions l\u00e9gales - Groupe Cap Vert","isPartOf":{"@id":"https:\/\/groupe-capvert.com\/#website"},"datePublished":"2023-10-17T10:24:13+00:00","dateModified":"2025-04-10T10:14:25+00:00","description":"Consultez les mentions l\u00e9gales de Cap Vert. Retrouvez nos informations juridiques, politique de confidentialit\u00e9 et conditions d'utilisation. Conformit\u00e9 RGPD et droits des utilisateurs.","breadcrumb":{"@id":"https:\/\/groupe-capvert.com\/de\/mentions-legales\/#breadcrumb"},"inLanguage":"de","potentialAction":[{"@type":"ReadAction","target":["https:\/\/groupe-capvert.com\/de\/mentions-legales\/"]}]},{"@type":"BreadcrumbList","@id":"https:\/\/groupe-capvert.com\/de\/mentions-legales\/#breadcrumb","itemListElement":[{"@type":"ListItem","position":1,"name":"Accueil","item":"https:\/\/groupe-capvert.com\/"},{"@type":"ListItem","position":2,"name":"Mentions l\u00e9gales"}]},{"@type":"WebSite","@id":"https:\/\/groupe-capvert.com\/de\/#website","url":"https:\/\/groupe-capvert.com\/de\/","name":"Groupe Cap Vert","description":"","publisher":{"@id":"https:\/\/groupe-capvert.com\/de\/#organization"},"potentialAction":[{"@type":"SearchAction","target":{"@type":"EntryPoint","urlTemplate":"https:\/\/groupe-capvert.com\/de\/?s={search_term_string}"},"query-input":{"@type":"PropertyValueSpecification","valueRequired":true,"valueName":"search_term_string"}}],"inLanguage":"de"},{"@type":"Organization","@id":"https:\/\/groupe-capvert.com\/de\/#organization","name":"Groupe Cap Vert","url":"https:\/\/groupe-capvert.com\/de\/","logo":{"@type":"ImageObject","inLanguage":"de","@id":"https:\/\/groupe-capvert.com\/de\/#\/schema\/logo\/image\/","url":"https:\/\/groupe-capvert.com\/wp-content\/uploads\/2023\/10\/logo.png","contentUrl":"https:\/\/groupe-capvert.com\/wp-content\/uploads\/2023\/10\/logo.png","width":763,"height":354,"caption":"Groupe Cap Vert"},"image":{"@id":"https:\/\/groupe-capvert.com\/de\/#\/schema\/logo\/image\/"},"sameAs":["https:\/\/www.linkedin.com\/company\/groupe-capvert"]}]}},"_links":{"self":[{"href":"https:\/\/groupe-capvert.com\/de\/wp-json\/wp\/v2\/pages\/174","targetHints":{"allow":["GET"]}}],"collection":[{"href":"https:\/\/groupe-capvert.com\/de\/wp-json\/wp\/v2\/pages"}],"about":[{"href":"https:\/\/groupe-capvert.com\/de\/wp-json\/wp\/v2\/types\/page"}],"author":[{"embeddable":true,"href":"https:\/\/groupe-capvert.com\/de\/wp-json\/wp\/v2\/users\/1"}],"replies":[{"embeddable":true,"href":"https:\/\/groupe-capvert.com\/de\/wp-json\/wp\/v2\/comments?post=174"}],"version-history":[{"count":23,"href":"https:\/\/groupe-capvert.com\/de\/wp-json\/wp\/v2\/pages\/174\/revisions"}],"predecessor-version":[{"id":8054,"href":"https:\/\/groupe-capvert.com\/de\/wp-json\/wp\/v2\/pages\/174\/revisions\/8054"}],"wp:attachment":[{"href":"https:\/\/groupe-capvert.com\/de\/wp-json\/wp\/v2\/media?parent=174"}],"curies":[{"name":"wp","href":"https:\/\/api.w.org\/{rel}","templated":true}]}}